{"id":5534,"date":"2023-01-06T02:08:23","date_gmt":"2023-01-06T02:08:23","guid":{"rendered":"https:\/\/tavapy.gov.py\/biblioteca\/?post_type=product&#038;p=5534"},"modified":"2023-01-06T02:08:23","modified_gmt":"2023-01-06T02:08:23","slug":"piloto-de-guerra","status":"publish","type":"product","link":"https:\/\/tavapy.gov.py\/biblioteca\/product\/piloto-de-guerra\/","title":{"rendered":"PILOTO DE GUERRA."},"content":{"rendered":"","protected":false},"excerpt":{"rendered":"<p>El libro resume meses de vuelo en una sola misi\u00f3n sobre la ciudad de Arr\u00e1s. Saint-Exup\u00e9ry fue asignado al Grupo de Reconocimiento II\/33 para volar el bimotor Potez 637. Al comienzo de la guerra s\u00f3lo hab\u00eda cincuenta tripulaciones de reconocimiento, de las cuales veintitr\u00e9s estaban en su unidad.<\/p>\n<p>Dentro de los primeros d\u00edas de la invasi\u00f3n alemana en Francia en mayo de 1940, diecisiete de las tripulaciones fueron sacrificadas imprudentemente, escribi\u00f3: como vasos de agua lanzados sobre un incendio forestal.<\/p>\n<p><a href=\"https:\/\/tavapy.gov.py\/biblioteca\/wp-content\/uploads\/2023\/01\/De-Saint_ExuperyA-Piloto-de-guerra.pdf\" target=\"_blank\" rel=\"attachment noopener wp-att-5520\"><img loading=\"lazy\" decoding=\"async\" class=\"size-full wp-image-5520 alignleft\" src=\"https:\/\/tavapy.gov.py\/biblioteca\/wp-content\/uploads\/2023\/01\/icono-PDF-copia-2.png\" alt=\"\" width=\"121\" height=\"140\" \/><\/a><\/p>\n","protected":false},"featured_media":5472,"comment_status":"open","ping_status":"closed","template":"","meta":{"spay_email":""},"product_cat":[214],"product_tag":[],"class_list":{"0":"post-5534","1":"product","2":"type-product","3":"status-publish","4":"has-post-thumbnail","6":"book_author-antoine-de-saint-exupery","7":"product_cat-autobiografia-memorias","8":"entry"},"_links":{"self":[{"href":"https:\/\/tavapy.gov.py\/biblioteca\/wp-json\/wp\/v2\/product\/5534","targetHints":{"allow":["GET"]}}],"collection":[{"href":"https:\/\/tavapy.gov.py\/biblioteca\/wp-json\/wp\/v2\/product"}],"about":[{"href":"https:\/\/tavapy.gov.py\/biblioteca\/wp-json\/wp\/v2\/types\/product"}],"replies":[{"embeddable":true,"href":"https:\/\/tavapy.gov.py\/biblioteca\/wp-json\/wp\/v2\/comments?post=5534"}],"wp:featuredmedia":[{"embeddable":true,"href":"https:\/\/tavapy.gov.py\/biblioteca\/wp-json\/wp\/v2\/media\/5472"}],"wp:attachment":[{"href":"https:\/\/tavapy.gov.py\/biblioteca\/wp-json\/wp\/v2\/media?parent=5534"}],"wp:term":[{"taxonomy":"product_cat","embeddable":true,"href":"https:\/\/tavapy.gov.py\/biblioteca\/wp-json\/wp\/v2\/product_cat?post=5534"},{"taxonomy":"product_tag","embeddable":true,"href":"https:\/\/tavapy.gov.py\/biblioteca\/wp-json\/wp\/v2\/product_tag?post=5534"}],"curies":[{"name":"wp","href":"https:\/\/api.w.org\/{rel}","templated":true}]}}