{"id":5538,"date":"2023-01-06T02:23:03","date_gmt":"2023-01-06T02:23:03","guid":{"rendered":"https:\/\/tavapy.gov.py\/biblioteca\/?post_type=product&#038;p=5538"},"modified":"2023-01-06T02:23:04","modified_gmt":"2023-01-06T02:23:04","slug":"ciencia-compromiso-y-cambio-social","status":"publish","type":"product","link":"https:\/\/tavapy.gov.py\/biblioteca\/product\/ciencia-compromiso-y-cambio-social\/","title":{"rendered":"CIENCIA, COMPROMISO Y CAMBIO SOCIAL."},"content":{"rendered":"","protected":false},"excerpt":{"rendered":"<p>Esta obra publicada en el 2.012 tiene una intencionalidad pol\u00edtica manifiesta: la recuperaci\u00f3n de la memoria hist\u00f3rica como herramienta de acci\u00f3n pol\u00edtica, hoy.<\/p>\n<p>Orlando Fals Borda es un pionero que supo comprender que la universalidad de la ciencia no estriba tanto en su abstracci\u00f3n de la realidad ni en la b\u00fasqueda de categor\u00edas replicables en cualquier contexto, cuanto en la construcci\u00f3n de un corpus te\u00f3rico que pueda ayudar a comprender las vivencias y las experiencias sociales en una historia y un territorio concretos como un primer paso para la transformaci\u00f3n de condiciones de miseria, opresi\u00f3n y sumisi\u00f3n.<\/p>\n<p>Por esto nos interesa compartir la complejidad de su obra, como superaci\u00f3n de la versi\u00f3n parcializada y limitada a la cual se vieron abocadas las disciplinas de las ciencias sociales durante todo el siglo XX.<\/p>\n<p><a href=\"https:\/\/tavapy.gov.py\/biblioteca\/wp-content\/uploads\/2023\/01\/Fals-BordaO-Ciencia-Compromiso-y-Cambio-Social.pdf\" target=\"_blank\" rel=\"attachment noopener wp-att-5520\"><img loading=\"lazy\" decoding=\"async\" class=\"size-full wp-image-5520 alignleft\" src=\"https:\/\/tavapy.gov.py\/biblioteca\/wp-content\/uploads\/2023\/01\/icono-PDF-copia-2.png\" alt=\"\" width=\"121\" height=\"140\" \/><\/a><\/p>\n","protected":false},"featured_media":5477,"comment_status":"open","ping_status":"closed","template":"","meta":{"spay_email":""},"product_cat":[549],"product_tag":[],"class_list":{"0":"post-5538","1":"product","2":"type-product","3":"status-publish","4":"has-post-thumbnail","6":"book_author-orlando-fals-borda","7":"product_cat-ciencias-politicas-y-sociales","8":"entry"},"_links":{"self":[{"href":"https:\/\/tavapy.gov.py\/biblioteca\/wp-json\/wp\/v2\/product\/5538","targetHints":{"allow":["GET"]}}],"collection":[{"href":"https:\/\/tavapy.gov.py\/biblioteca\/wp-json\/wp\/v2\/product"}],"about":[{"href":"https:\/\/tavapy.gov.py\/biblioteca\/wp-json\/wp\/v2\/types\/product"}],"replies":[{"embeddable":true,"href":"https:\/\/tavapy.gov.py\/biblioteca\/wp-json\/wp\/v2\/comments?post=5538"}],"wp:featuredmedia":[{"embeddable":true,"href":"https:\/\/tavapy.gov.py\/biblioteca\/wp-json\/wp\/v2\/media\/5477"}],"wp:attachment":[{"href":"https:\/\/tavapy.gov.py\/biblioteca\/wp-json\/wp\/v2\/media?parent=5538"}],"wp:term":[{"taxonomy":"product_cat","embeddable":true,"href":"https:\/\/tavapy.gov.py\/biblioteca\/wp-json\/wp\/v2\/product_cat?post=5538"},{"taxonomy":"product_tag","embeddable":true,"href":"https:\/\/tavapy.gov.py\/biblioteca\/wp-json\/wp\/v2\/product_tag?post=5538"}],"curies":[{"name":"wp","href":"https:\/\/api.w.org\/{rel}","templated":true}]}}