{"id":5541,"date":"2023-01-06T02:38:08","date_gmt":"2023-01-06T02:38:08","guid":{"rendered":"https:\/\/tavapy.gov.py\/biblioteca\/?post_type=product&#038;p=5541"},"modified":"2023-01-06T02:38:08","modified_gmt":"2023-01-06T02:38:08","slug":"seis-piezas-faciles-la-fisica-explicada-por-un-genio","status":"publish","type":"product","link":"https:\/\/tavapy.gov.py\/biblioteca\/product\/seis-piezas-faciles-la-fisica-explicada-por-un-genio\/","title":{"rendered":"SEIS PIEZAS F\u00c1CILES. LA F\u00cdSICA EXPLICADA POR UN GENIO."},"content":{"rendered":"","protected":false},"excerpt":{"rendered":"<p>Richard P. Feynman, premio Nobel de F\u00edsica, no fue tan s\u00f3lo un gran investigador, sino tambi\u00e9n un extraordinario maestro y un hombre de personalidad poderosa: una leyenda, a la manera de Einstein, para el gran p\u00fablico y \u00abun genio\u00bb, como dice el t\u00edtulo de la biograf\u00eda que le dedic\u00f3 James Gleick, para sus colegas.<\/p>\n<p>Este libro publicado en 1.994, re\u00fane las partes menos t\u00e9cnicas de un curso introductorio para los estudiantes del Instituto Tecnol\u00f3gico de California, sirve a la vez como una introducci\u00f3n a la f\u00edsica para los no cient\u00edficos y como una introducci\u00f3n al propio Feynman.<\/p>\n<p>Como ha dicho uno de los grandes cient\u00edficos actuales, John Gribbin, \u00absi hubiese que escoger un solo libro para pasarlo a la pr\u00f3xima generaci\u00f3n de cient\u00edficos, \u00e9ste tendr\u00eda que ser, sin duda alguna, Seis piezas f\u00e1ciles\u00bb.<\/p>\n<p><a href=\"https:\/\/tavapy.gov.py\/biblioteca\/wp-content\/uploads\/2023\/01\/FeynmanR-Seis-piezas-faciles.pdf\" target=\"_blank\" rel=\"attachment noopener wp-att-5520\"><img loading=\"lazy\" decoding=\"async\" class=\"size-full wp-image-5520 alignleft\" src=\"https:\/\/tavapy.gov.py\/biblioteca\/wp-content\/uploads\/2023\/01\/icono-PDF-copia-2.png\" alt=\"\" width=\"121\" height=\"140\" \/><\/a><\/p>\n","protected":false},"featured_media":5483,"comment_status":"open","ping_status":"closed","template":"","meta":{"spay_email":""},"product_cat":[227],"product_tag":[],"class_list":{"0":"post-5541","1":"product","2":"type-product","3":"status-publish","4":"has-post-thumbnail","6":"book_author-richard-feynman","7":"product_cat-ciencia-divulgacion-cientifica","8":"entry"},"_links":{"self":[{"href":"https:\/\/tavapy.gov.py\/biblioteca\/wp-json\/wp\/v2\/product\/5541","targetHints":{"allow":["GET"]}}],"collection":[{"href":"https:\/\/tavapy.gov.py\/biblioteca\/wp-json\/wp\/v2\/product"}],"about":[{"href":"https:\/\/tavapy.gov.py\/biblioteca\/wp-json\/wp\/v2\/types\/product"}],"replies":[{"embeddable":true,"href":"https:\/\/tavapy.gov.py\/biblioteca\/wp-json\/wp\/v2\/comments?post=5541"}],"wp:featuredmedia":[{"embeddable":true,"href":"https:\/\/tavapy.gov.py\/biblioteca\/wp-json\/wp\/v2\/media\/5483"}],"wp:attachment":[{"href":"https:\/\/tavapy.gov.py\/biblioteca\/wp-json\/wp\/v2\/media?parent=5541"}],"wp:term":[{"taxonomy":"product_cat","embeddable":true,"href":"https:\/\/tavapy.gov.py\/biblioteca\/wp-json\/wp\/v2\/product_cat?post=5541"},{"taxonomy":"product_tag","embeddable":true,"href":"https:\/\/tavapy.gov.py\/biblioteca\/wp-json\/wp\/v2\/product_tag?post=5541"}],"curies":[{"name":"wp","href":"https:\/\/api.w.org\/{rel}","templated":true}]}}