{"id":5542,"date":"2023-01-06T02:42:04","date_gmt":"2023-01-06T02:42:04","guid":{"rendered":"https:\/\/tavapy.gov.py\/biblioteca\/?post_type=product&#038;p=5542"},"modified":"2023-01-06T02:42:04","modified_gmt":"2023-01-06T02:42:04","slug":"educacion-y-cambio","status":"publish","type":"product","link":"https:\/\/tavapy.gov.py\/biblioteca\/product\/educacion-y-cambio\/","title":{"rendered":"EDUCACI\u00d3N Y CAMBIO."},"content":{"rendered":"","protected":false},"excerpt":{"rendered":"<p>Paulo Freire, en su obra \u201cEducaci\u00f3n y Cambio\u201d publicada en 1.976 motiva a pensar la labor educativa, pedag\u00f3gica y did\u00e1ctica como un quehacer dif\u00edcil y lleno de responsabilidades del educador que, a pesar de los obst\u00e1culos con que tropieza d\u00eda a d\u00eda frente al sistema, contin\u00faa intentando la b\u00fasqueda de una sociedad equitativa y participativa, es decir, m\u00e1s humana.<\/p>\n<p>Freire entiende que el educador es agente necesario para generar el proceso de cambio. Sin ser su trabajo espectacular y pol\u00edtico, puede fundar las bases y estimular contenidos y participaci\u00f3n que abran caminos a una transformaci\u00f3n. En todo caso, deber\u00e1 tener en cuenta un eje en el que sus dos puntas se complementan necesariamente: por un lado, la calidad y compromiso del educador que ha elegido libremente este rol y, por otro, la participaci\u00f3n activa del educando.<\/p>\n<p><a href=\"https:\/\/tavapy.gov.py\/biblioteca\/wp-content\/uploads\/2023\/01\/FreireP-Educacion-y-Cambio.pdf\" target=\"_blank\" rel=\"attachment noopener wp-att-5520\"><img loading=\"lazy\" decoding=\"async\" class=\"size-full wp-image-5520 alignleft\" src=\"https:\/\/tavapy.gov.py\/biblioteca\/wp-content\/uploads\/2023\/01\/icono-PDF-copia-2.png\" alt=\"\" width=\"121\" height=\"140\" \/><\/a><\/p>\n","protected":false},"featured_media":5485,"comment_status":"open","ping_status":"closed","template":"","meta":{"spay_email":""},"product_cat":[500],"product_tag":[],"class_list":{"0":"post-5542","1":"product","2":"type-product","3":"status-publish","4":"has-post-thumbnail","6":"book_author-paulo-freire","7":"product_cat-pedagogia-sociedad-y-politica","8":"entry"},"_links":{"self":[{"href":"https:\/\/tavapy.gov.py\/biblioteca\/wp-json\/wp\/v2\/product\/5542","targetHints":{"allow":["GET"]}}],"collection":[{"href":"https:\/\/tavapy.gov.py\/biblioteca\/wp-json\/wp\/v2\/product"}],"about":[{"href":"https:\/\/tavapy.gov.py\/biblioteca\/wp-json\/wp\/v2\/types\/product"}],"replies":[{"embeddable":true,"href":"https:\/\/tavapy.gov.py\/biblioteca\/wp-json\/wp\/v2\/comments?post=5542"}],"wp:featuredmedia":[{"embeddable":true,"href":"https:\/\/tavapy.gov.py\/biblioteca\/wp-json\/wp\/v2\/media\/5485"}],"wp:attachment":[{"href":"https:\/\/tavapy.gov.py\/biblioteca\/wp-json\/wp\/v2\/media?parent=5542"}],"wp:term":[{"taxonomy":"product_cat","embeddable":true,"href":"https:\/\/tavapy.gov.py\/biblioteca\/wp-json\/wp\/v2\/product_cat?post=5542"},{"taxonomy":"product_tag","embeddable":true,"href":"https:\/\/tavapy.gov.py\/biblioteca\/wp-json\/wp\/v2\/product_tag?post=5542"}],"curies":[{"name":"wp","href":"https:\/\/api.w.org\/{rel}","templated":true}]}}