{"id":5543,"date":"2023-01-06T02:46:22","date_gmt":"2023-01-06T02:46:22","guid":{"rendered":"https:\/\/tavapy.gov.py\/biblioteca\/?post_type=product&#038;p=5543"},"modified":"2023-01-06T02:46:22","modified_gmt":"2023-01-06T02:46:22","slug":"pedagogia-de-la-autonomia-saberes-necesarios-para-la-practica-educativa","status":"publish","type":"product","link":"https:\/\/tavapy.gov.py\/biblioteca\/product\/pedagogia-de-la-autonomia-saberes-necesarios-para-la-practica-educativa\/","title":{"rendered":"PEDAGOG\u00cdA DE LA AUTONOM\u00cdA. SABERES NECESARIOS PARA LA PR\u00c1CTICA EDUCATIVA."},"content":{"rendered":"","protected":false},"excerpt":{"rendered":"<p>En la b\u00fasqueda permanente de aprendizaje, pocas veces encontramos textos apropiados como \u00e9ste, que nos ense\u00f1a a ense\u00f1ar partiendo del ser profesor.<\/p>\n<p>El autor, en un lenguaje accesible y did\u00e1ctico, reflexiona en esta obra publicada en 1.996 sobre saberes necesarios para la pr\u00e1ctica educativa-cr\u00edtica con base en una \u00e9tica pedag\u00f3gica y en una visi\u00f3n del mundo cimentadas en el rigor, la investigaci\u00f3n y la actitud cr\u00edtica.<\/p>\n<p><a href=\"https:\/\/tavapy.gov.py\/biblioteca\/wp-content\/uploads\/2023\/01\/FreireP-Pedagogia-de-la-autonomia.pdf\" target=\"_blank\" rel=\"attachment noopener wp-att-5520\"><img loading=\"lazy\" decoding=\"async\" class=\"alignnone size-full wp-image-5520\" src=\"https:\/\/tavapy.gov.py\/biblioteca\/wp-content\/uploads\/2023\/01\/icono-PDF-copia-2.png\" alt=\"\" width=\"121\" height=\"140\" \/><\/a><\/p>\n","protected":false},"featured_media":5487,"comment_status":"open","ping_status":"closed","template":"","meta":{"spay_email":""},"product_cat":[343],"product_tag":[],"class_list":{"0":"post-5543","1":"product","2":"type-product","3":"status-publish","4":"has-post-thumbnail","6":"book_author-paulo-freire","7":"product_cat-pedagogia","8":"entry"},"_links":{"self":[{"href":"https:\/\/tavapy.gov.py\/biblioteca\/wp-json\/wp\/v2\/product\/5543","targetHints":{"allow":["GET"]}}],"collection":[{"href":"https:\/\/tavapy.gov.py\/biblioteca\/wp-json\/wp\/v2\/product"}],"about":[{"href":"https:\/\/tavapy.gov.py\/biblioteca\/wp-json\/wp\/v2\/types\/product"}],"replies":[{"embeddable":true,"href":"https:\/\/tavapy.gov.py\/biblioteca\/wp-json\/wp\/v2\/comments?post=5543"}],"wp:featuredmedia":[{"embeddable":true,"href":"https:\/\/tavapy.gov.py\/biblioteca\/wp-json\/wp\/v2\/media\/5487"}],"wp:attachment":[{"href":"https:\/\/tavapy.gov.py\/biblioteca\/wp-json\/wp\/v2\/media?parent=5543"}],"wp:term":[{"taxonomy":"product_cat","embeddable":true,"href":"https:\/\/tavapy.gov.py\/biblioteca\/wp-json\/wp\/v2\/product_cat?post=5543"},{"taxonomy":"product_tag","embeddable":true,"href":"https:\/\/tavapy.gov.py\/biblioteca\/wp-json\/wp\/v2\/product_tag?post=5543"}],"curies":[{"name":"wp","href":"https:\/\/api.w.org\/{rel}","templated":true}]}}