{"id":5544,"date":"2023-01-06T02:50:51","date_gmt":"2023-01-06T02:50:51","guid":{"rendered":"https:\/\/tavapy.gov.py\/biblioteca\/?post_type=product&#038;p=5544"},"modified":"2023-01-06T02:50:51","modified_gmt":"2023-01-06T02:50:51","slug":"cronica-de-una-muerte-anunciada","status":"publish","type":"product","link":"https:\/\/tavapy.gov.py\/biblioteca\/product\/cronica-de-una-muerte-anunciada\/","title":{"rendered":"CR\u00d3NICA DE UNA MUERTE ANUNCIADA."},"content":{"rendered":"","protected":false},"excerpt":{"rendered":"<p>Cr\u00f3nica de una muerte anunciada es una novela publicada por primera vez en 1981. Fue incluida en la lista de las 100 mejores novelas en espa\u00f1ol del siglo XX del peri\u00f3dico espa\u00f1ol El Mundo.<\/p>\n<p>La novela represent\u00f3 un acercamiento entre lo period\u00edstico, lo narrativo, y una aproximaci\u00f3n a la novela policial. La historia contada se inspira en un suceso real, ocurrido en 1951 en el Municipio de Sucre, ubicado al sur del Departamento de Sucre, en Colombia, del que el autor tom\u00f3 la acci\u00f3n central (el crimen), los protagonistas, el escenario y las circunstancias, alter\u00e1ndolo narrativamente, pero sin descuidar nunca los datos y las precisiones obligadas en toda cr\u00f3nica period\u00edstica.<\/p>\n<p><a href=\"https:\/\/tavapy.gov.py\/biblioteca\/wp-content\/uploads\/2023\/01\/Garcia-MarquezG-Cronica-de-una-muerte-anunciada.pdf\" target=\"_blank\" rel=\"attachment noopener wp-att-5520\"><img loading=\"lazy\" decoding=\"async\" class=\"size-full wp-image-5520 alignleft\" src=\"https:\/\/tavapy.gov.py\/biblioteca\/wp-content\/uploads\/2023\/01\/icono-PDF-copia-2.png\" alt=\"\" width=\"121\" height=\"140\" \/><\/a><\/p>\n","protected":false},"featured_media":5489,"comment_status":"open","ping_status":"closed","template":"","meta":{"spay_email":""},"product_cat":[57],"product_tag":[],"class_list":{"0":"post-5544","1":"product","2":"type-product","3":"status-publish","4":"has-post-thumbnail","6":"book_author-gabriel-garcia-marquez","7":"product_cat-novela","8":"entry"},"_links":{"self":[{"href":"https:\/\/tavapy.gov.py\/biblioteca\/wp-json\/wp\/v2\/product\/5544","targetHints":{"allow":["GET"]}}],"collection":[{"href":"https:\/\/tavapy.gov.py\/biblioteca\/wp-json\/wp\/v2\/product"}],"about":[{"href":"https:\/\/tavapy.gov.py\/biblioteca\/wp-json\/wp\/v2\/types\/product"}],"replies":[{"embeddable":true,"href":"https:\/\/tavapy.gov.py\/biblioteca\/wp-json\/wp\/v2\/comments?post=5544"}],"wp:featuredmedia":[{"embeddable":true,"href":"https:\/\/tavapy.gov.py\/biblioteca\/wp-json\/wp\/v2\/media\/5489"}],"wp:attachment":[{"href":"https:\/\/tavapy.gov.py\/biblioteca\/wp-json\/wp\/v2\/media?parent=5544"}],"wp:term":[{"taxonomy":"product_cat","embeddable":true,"href":"https:\/\/tavapy.gov.py\/biblioteca\/wp-json\/wp\/v2\/product_cat?post=5544"},{"taxonomy":"product_tag","embeddable":true,"href":"https:\/\/tavapy.gov.py\/biblioteca\/wp-json\/wp\/v2\/product_tag?post=5544"}],"curies":[{"name":"wp","href":"https:\/\/api.w.org\/{rel}","templated":true}]}}