{"id":5545,"date":"2023-01-06T02:54:44","date_gmt":"2023-01-06T02:54:44","guid":{"rendered":"https:\/\/tavapy.gov.py\/biblioteca\/?post_type=product&#038;p=5545"},"modified":"2023-01-06T02:54:45","modified_gmt":"2023-01-06T02:54:45","slug":"el-coronel-no-tiene-quien-le-escriba","status":"publish","type":"product","link":"https:\/\/tavapy.gov.py\/biblioteca\/product\/el-coronel-no-tiene-quien-le-escriba\/","title":{"rendered":"EL CORONEL NO TIENE QUIEN LE ESCRIBA."},"content":{"rendered":"","protected":false},"excerpt":{"rendered":"<p>El coronel no tiene quien le escriba es una novela corta publicada en 1961. Es una de las m\u00e1s c\u00e9lebres de las escritas por el autor, y su protagonista, un viejo coronel que espera la pensi\u00f3n que nunca llega, es considerado como uno de los personajes m\u00e1s entra\u00f1ables de la literatura hispanoamericana del siglo XX.<\/p>\n<p>El propio Garc\u00eda M\u00e1rquez reconoci\u00f3 tras escribirla que era la m\u00e1s simple de las novelas que hab\u00eda escrito hasta la fecha. En ella no se detectan muchas de las facetas caracter\u00edsticas de este autor, como son los frecuentes saltos en la trama, la combinaci\u00f3n entre fen\u00f3menos fant\u00e1sticos y situaciones reales, y algunos otros detalles que suelen resaltar en la lectura. La novela pretende reflejar el sentimiento de desasosiego ante la espera, tal y como el autor lo expres\u00f3.<\/p>\n<p><a href=\"https:\/\/tavapy.gov.py\/biblioteca\/wp-content\/uploads\/2023\/01\/Garcia-MarquezG-El-coronel-no-tiene-quien-le-escriba.pdf\" target=\"_blank\" rel=\"attachment noopener wp-att-5520\"><img loading=\"lazy\" decoding=\"async\" class=\"alignnone size-full wp-image-5520\" src=\"https:\/\/tavapy.gov.py\/biblioteca\/wp-content\/uploads\/2023\/01\/icono-PDF-copia-2.png\" alt=\"\" width=\"121\" height=\"140\" \/><\/a><\/p>\n","protected":false},"featured_media":5491,"comment_status":"open","ping_status":"closed","template":"","meta":{"spay_email":""},"product_cat":[296],"product_tag":[],"class_list":{"0":"post-5545","1":"product","2":"type-product","3":"status-publish","4":"has-post-thumbnail","6":"book_author-gabriel-garcia-marquez","7":"product_cat-novela-historica","8":"entry"},"_links":{"self":[{"href":"https:\/\/tavapy.gov.py\/biblioteca\/wp-json\/wp\/v2\/product\/5545","targetHints":{"allow":["GET"]}}],"collection":[{"href":"https:\/\/tavapy.gov.py\/biblioteca\/wp-json\/wp\/v2\/product"}],"about":[{"href":"https:\/\/tavapy.gov.py\/biblioteca\/wp-json\/wp\/v2\/types\/product"}],"replies":[{"embeddable":true,"href":"https:\/\/tavapy.gov.py\/biblioteca\/wp-json\/wp\/v2\/comments?post=5545"}],"wp:featuredmedia":[{"embeddable":true,"href":"https:\/\/tavapy.gov.py\/biblioteca\/wp-json\/wp\/v2\/media\/5491"}],"wp:attachment":[{"href":"https:\/\/tavapy.gov.py\/biblioteca\/wp-json\/wp\/v2\/media?parent=5545"}],"wp:term":[{"taxonomy":"product_cat","embeddable":true,"href":"https:\/\/tavapy.gov.py\/biblioteca\/wp-json\/wp\/v2\/product_cat?post=5545"},{"taxonomy":"product_tag","embeddable":true,"href":"https:\/\/tavapy.gov.py\/biblioteca\/wp-json\/wp\/v2\/product_tag?post=5545"}],"curies":[{"name":"wp","href":"https:\/\/api.w.org\/{rel}","templated":true}]}}