{"id":5546,"date":"2023-01-06T02:58:21","date_gmt":"2023-01-06T02:58:21","guid":{"rendered":"https:\/\/tavapy.gov.py\/biblioteca\/?post_type=product&#038;p=5546"},"modified":"2023-01-06T02:58:21","modified_gmt":"2023-01-06T02:58:21","slug":"la-increible-y-triste-historia-de-la-candida-erendira-y-su-abuela-desalmada","status":"publish","type":"product","link":"https:\/\/tavapy.gov.py\/biblioteca\/product\/la-increible-y-triste-historia-de-la-candida-erendira-y-su-abuela-desalmada\/","title":{"rendered":"LA INCRE\u00cdBLE Y TRISTE HISTORIA DE LA C\u00c1NDIDA ER\u00c9NDIRA Y SU ABUELA DESALMADA."},"content":{"rendered":"","protected":false},"excerpt":{"rendered":"<p>La incre\u00edble y triste historia de la c\u00e1ndida Er\u00e9ndira y de su abuela desalmada es una novela corta publicada por primera vez en 1974.<\/p>\n<p>Es una obra en la que se trata ampliamente el tema de la prostituci\u00f3n de menores en el Caribe Sudamericano. Narra la historia extendida de Er\u00e9ndira, una joven criada por su abuela desde que muri\u00f3 su padre.<\/p>\n<p>Er\u00e9ndira sirve como empleada dom\u00e9stica a su abuela para justificar su estad\u00eda en la casa al grado extremo de la explotaci\u00f3n; su historia se complica a\u00fan m\u00e1s cuando incendia la casa de su abuela accidentalmente ya que la vieja decide prostituirla hasta conseguir que pague el valor total de la casa hecha cenizas.<\/p>\n<p><a href=\"https:\/\/tavapy.gov.py\/biblioteca\/wp-content\/uploads\/2023\/01\/Garcia-MarquezG-La-increible-y-triste-historia....pdf\" target=\"_blank\" rel=\"attachment noopener wp-att-5520\"><img loading=\"lazy\" decoding=\"async\" class=\"size-full wp-image-5520 alignleft\" src=\"https:\/\/tavapy.gov.py\/biblioteca\/wp-content\/uploads\/2023\/01\/icono-PDF-copia-2.png\" alt=\"\" width=\"121\" height=\"140\" \/><\/a><\/p>\n","protected":false},"featured_media":5493,"comment_status":"open","ping_status":"closed","template":"","meta":{"spay_email":""},"product_cat":[57],"product_tag":[],"class_list":{"0":"post-5546","1":"product","2":"type-product","3":"status-publish","4":"has-post-thumbnail","6":"book_author-gabriel-garcia-marquez","7":"product_cat-novela","8":"entry"},"_links":{"self":[{"href":"https:\/\/tavapy.gov.py\/biblioteca\/wp-json\/wp\/v2\/product\/5546","targetHints":{"allow":["GET"]}}],"collection":[{"href":"https:\/\/tavapy.gov.py\/biblioteca\/wp-json\/wp\/v2\/product"}],"about":[{"href":"https:\/\/tavapy.gov.py\/biblioteca\/wp-json\/wp\/v2\/types\/product"}],"replies":[{"embeddable":true,"href":"https:\/\/tavapy.gov.py\/biblioteca\/wp-json\/wp\/v2\/comments?post=5546"}],"wp:featuredmedia":[{"embeddable":true,"href":"https:\/\/tavapy.gov.py\/biblioteca\/wp-json\/wp\/v2\/media\/5493"}],"wp:attachment":[{"href":"https:\/\/tavapy.gov.py\/biblioteca\/wp-json\/wp\/v2\/media?parent=5546"}],"wp:term":[{"taxonomy":"product_cat","embeddable":true,"href":"https:\/\/tavapy.gov.py\/biblioteca\/wp-json\/wp\/v2\/product_cat?post=5546"},{"taxonomy":"product_tag","embeddable":true,"href":"https:\/\/tavapy.gov.py\/biblioteca\/wp-json\/wp\/v2\/product_tag?post=5546"}],"curies":[{"name":"wp","href":"https:\/\/api.w.org\/{rel}","templated":true}]}}