{"id":5547,"date":"2023-01-06T03:02:27","date_gmt":"2023-01-06T03:02:27","guid":{"rendered":"https:\/\/tavapy.gov.py\/biblioteca\/?post_type=product&#038;p=5547"},"modified":"2023-01-06T03:04:17","modified_gmt":"2023-01-06T03:04:17","slug":"ojos-de-perro-azul","status":"publish","type":"product","link":"https:\/\/tavapy.gov.py\/biblioteca\/product\/ojos-de-perro-azul\/","title":{"rendered":"OJOS DE PERRO AZUL."},"content":{"rendered":"","protected":false},"excerpt":{"rendered":"<p>Ojos de perro azul es un libro de 1972 que re\u00fane los catorce cuentos del escritor colombiano Gabriel Garc\u00eda M\u00e1rquez, publicados primero entre 1947 y 1955 en el peri\u00f3dico El Espectador de Colombia.<\/p>\n<p>La antolog\u00eda re\u00fane los siguientes cuentos: La tercera resignaci\u00f3n; Eva est\u00e1 dentro de su gato; Tubal-Ca\u00edn forja una estrella; La otra costilla de la muerte; Di\u00e1logo del espejo; Amargura de tres son\u00e1mbulos; Ojos de Perro Azul; De c\u00f3mo Natanael hace una visita; La mujer que llegaba a las seis; La noche de los alcaravanes; Alguien desordena estas rosas; Nabo el negro que hizo esperar a los \u00e1ngeles; Un hombre viene bajo la lluvia; Mon\u00f3logo de Isabel viendo llover en Macondo.<\/p>\n<p><a href=\"https:\/\/tavapy.gov.py\/biblioteca\/wp-content\/uploads\/2023\/01\/Garcia-MarquezG-Ojos-de-perro-azul.pdf\" target=\"_blank\" rel=\"attachment noopener wp-att-5520\"><img loading=\"lazy\" decoding=\"async\" class=\"alignnone size-full wp-image-5520\" src=\"https:\/\/tavapy.gov.py\/biblioteca\/wp-content\/uploads\/2023\/01\/icono-PDF-copia-2.png\" alt=\"\" width=\"121\" height=\"140\" \/><\/a><\/p>\n","protected":false},"featured_media":5495,"comment_status":"open","ping_status":"closed","template":"","meta":{"spay_email":""},"product_cat":[664],"product_tag":[],"class_list":{"0":"post-5547","1":"product","2":"type-product","3":"status-publish","4":"has-post-thumbnail","6":"book_author-gabriel-garcia-marquez","7":"product_cat-narrativa-literaria","8":"entry"},"_links":{"self":[{"href":"https:\/\/tavapy.gov.py\/biblioteca\/wp-json\/wp\/v2\/product\/5547","targetHints":{"allow":["GET"]}}],"collection":[{"href":"https:\/\/tavapy.gov.py\/biblioteca\/wp-json\/wp\/v2\/product"}],"about":[{"href":"https:\/\/tavapy.gov.py\/biblioteca\/wp-json\/wp\/v2\/types\/product"}],"replies":[{"embeddable":true,"href":"https:\/\/tavapy.gov.py\/biblioteca\/wp-json\/wp\/v2\/comments?post=5547"}],"wp:featuredmedia":[{"embeddable":true,"href":"https:\/\/tavapy.gov.py\/biblioteca\/wp-json\/wp\/v2\/media\/5495"}],"wp:attachment":[{"href":"https:\/\/tavapy.gov.py\/biblioteca\/wp-json\/wp\/v2\/media?parent=5547"}],"wp:term":[{"taxonomy":"product_cat","embeddable":true,"href":"https:\/\/tavapy.gov.py\/biblioteca\/wp-json\/wp\/v2\/product_cat?post=5547"},{"taxonomy":"product_tag","embeddable":true,"href":"https:\/\/tavapy.gov.py\/biblioteca\/wp-json\/wp\/v2\/product_tag?post=5547"}],"curies":[{"name":"wp","href":"https:\/\/api.w.org\/{rel}","templated":true}]}}