{"id":5548,"date":"2023-01-06T03:07:57","date_gmt":"2023-01-06T03:07:57","guid":{"rendered":"https:\/\/tavapy.gov.py\/biblioteca\/?post_type=product&#038;p=5548"},"modified":"2023-01-06T03:09:28","modified_gmt":"2023-01-06T03:09:28","slug":"el-problema-del-hombre-introduccion-a-la-antropologia-filosofica","status":"publish","type":"product","link":"https:\/\/tavapy.gov.py\/biblioteca\/product\/el-problema-del-hombre-introduccion-a-la-antropologia-filosofica\/","title":{"rendered":"EL PROBLEMA DEL HOMBRE. INTRODUCCI\u00d3N A LA ANTROPOLOG\u00cdA FILOS\u00d3FICA."},"content":{"rendered":"","protected":false},"excerpt":{"rendered":"<p>Este libro publicado en 1.974 se puede considerar como novedad ya que es una nueva traducci\u00f3n de la \u00faltima y definitiva edici\u00f3n revisada y corregida de este cl\u00e1sico de la antropolog\u00eda. \u00bfQu\u00e9 es el hombre?, \u00bfqui\u00e9n soy yo?, \u00bfcu\u00e1l es el sentido de la existencia humana? Estos son algunos de los interrogantes que buscan respuesta en la antropolog\u00eda filos\u00f3fica.<\/p>\n<p>En todas las \u00e9pocas y niveles culturales, bajo formas y desde perspectivas distintas, han acompa\u00f1ado al hombre en su caminar. Hoy se plantea con mayor urgencia a todo el que quiere vivir su existencia de un modo aut\u00e9nticamente humano.<\/p>\n<p>La presente antropolog\u00eda filos\u00f3fica representa una forma concreta de leer e interpretar la existencia humana. A diferencia de otras ciencias sociales que estudian el comportamiento, la historia, la biolog\u00eda. de los seres humanos, aqu\u00ed es el significado del hombre, su sentido lo que ocupa el lugar central. Y aunque no pretende ser un tratado completo y definido de antropolog\u00eda, busca al menos mostrar aquellos rasgos esenciales que permitan dibujar la problem\u00e1tica y la imagen b\u00e1sica del hombre de todos los tiempos.<\/p>\n<p><a href=\"https:\/\/tavapy.gov.py\/biblioteca\/wp-content\/uploads\/2023\/01\/GevaertJ-El-problema-del-hombre.pdf\" target=\"_blank\" rel=\"attachment noopener wp-att-5520\"><img loading=\"lazy\" decoding=\"async\" class=\"size-full wp-image-5520 alignleft\" src=\"https:\/\/tavapy.gov.py\/biblioteca\/wp-content\/uploads\/2023\/01\/icono-PDF-copia-2.png\" alt=\"\" width=\"121\" height=\"140\" \/><\/a><\/p>\n","protected":false},"featured_media":5497,"comment_status":"open","ping_status":"closed","template":"","meta":{"spay_email":""},"product_cat":[268],"product_tag":[],"class_list":{"0":"post-5548","1":"product","2":"type-product","3":"status-publish","4":"has-post-thumbnail","6":"book_author-joseph-gevaert","7":"product_cat-filosofia-antropologia","8":"entry"},"_links":{"self":[{"href":"https:\/\/tavapy.gov.py\/biblioteca\/wp-json\/wp\/v2\/product\/5548","targetHints":{"allow":["GET"]}}],"collection":[{"href":"https:\/\/tavapy.gov.py\/biblioteca\/wp-json\/wp\/v2\/product"}],"about":[{"href":"https:\/\/tavapy.gov.py\/biblioteca\/wp-json\/wp\/v2\/types\/product"}],"replies":[{"embeddable":true,"href":"https:\/\/tavapy.gov.py\/biblioteca\/wp-json\/wp\/v2\/comments?post=5548"}],"wp:featuredmedia":[{"embeddable":true,"href":"https:\/\/tavapy.gov.py\/biblioteca\/wp-json\/wp\/v2\/media\/5497"}],"wp:attachment":[{"href":"https:\/\/tavapy.gov.py\/biblioteca\/wp-json\/wp\/v2\/media?parent=5548"}],"wp:term":[{"taxonomy":"product_cat","embeddable":true,"href":"https:\/\/tavapy.gov.py\/biblioteca\/wp-json\/wp\/v2\/product_cat?post=5548"},{"taxonomy":"product_tag","embeddable":true,"href":"https:\/\/tavapy.gov.py\/biblioteca\/wp-json\/wp\/v2\/product_tag?post=5548"}],"curies":[{"name":"wp","href":"https:\/\/api.w.org\/{rel}","templated":true}]}}