{"id":5549,"date":"2023-01-06T03:13:51","date_gmt":"2023-01-06T03:13:51","guid":{"rendered":"https:\/\/tavapy.gov.py\/biblioteca\/?post_type=product&#038;p=5549"},"modified":"2023-01-06T03:13:51","modified_gmt":"2023-01-06T03:13:51","slug":"la-violencia-y-lo-sagrado","status":"publish","type":"product","link":"https:\/\/tavapy.gov.py\/biblioteca\/product\/la-violencia-y-lo-sagrado\/","title":{"rendered":"LA VIOLENCIA Y LO SAGRADO."},"content":{"rendered":"","protected":false},"excerpt":{"rendered":"<p>La obra de Ren\u00e9 Girard \u2013situada en los confines de la cr\u00edtica literaria, la antropolog\u00eda, la teolog\u00eda, el psicoan\u00e1lisis colectivo\u2013 ha provocado una profunda conmoci\u00f3n en el panorama cultural de las \u00faltimas d\u00e9cadas. El prop\u00f3sito de La violencia y lo sagrado es remontar hasta los or\u00edgenes de todo el edificio cultural y social que est\u00e1 en el centro de nuestra civilizaci\u00f3n, investigando los mitos y los ritos que fundan y perpet\u00faan todo orden social.<\/p>\n<p>La investigaci\u00f3n se apoya simult\u00e1neamente en una relectura muy personal de los cl\u00e1sicos griegos y en una discusi\u00f3n rigurosa de los principales sistemas \u2013sociol\u00f3gicos, etnol\u00f3gicos, psicoanal\u00edticos\u2013 que han intentado ofrecer una explicaci\u00f3n global de los primeros ritos y de las primeras instituciones culturales y sociales. En particular, Ren\u00e9 Girard polemiza vivamente con Freud, o mejor dicho con sus sucesores, poco clarividentes respecto a ciertas intuiciones de T\u00f3tem y tab\u00fa.<\/p>\n<p>El audaz y pol\u00e9mico ensayo de Ren\u00e9 Girard publicado en 1.972 pertenece tanto al \u00e1mbito de las ciencias humanas como al de la literatura. Una vasta cultura etnol\u00f3gica y unas referencias s\u00f3lidas e incontestables permiten construir al autor una nueva teor\u00eda de lo sagrado y dar una interpretaci\u00f3n convincente de numerosos temas m\u00edticos y rituales \u2013la fiesta, los gemelos, los hermanos enemigos, el incesto, la ambivalencia del modelo, el doble, la m\u00e1scara, etc.\u2013, cuya significaci\u00f3n profunda aparece aqu\u00ed de forma tan evidente debido a que han sido estudiados, por primera vez, en su unidad circular.<\/p>\n<p>Finalmente, quiz\u00e1s uno de los m\u00e9ritos mayores de Girard estriba en la claridad y la elegancia de su exposici\u00f3n. Liberado de todas las oscuridades propias de las jergas inici\u00e1ticas, he aqu\u00ed un libro de enorme importancia cient\u00edfica que a la par es una bell\u00edsima obra literaria.<\/p>\n<p><a href=\"https:\/\/tavapy.gov.py\/biblioteca\/wp-content\/uploads\/2023\/01\/GirardR-La-violencia-y-lo-sagrado.pdf\" target=\"_blank\" rel=\"attachment noopener wp-att-5520\"><img loading=\"lazy\" decoding=\"async\" class=\"size-full wp-image-5520 alignleft\" src=\"https:\/\/tavapy.gov.py\/biblioteca\/wp-content\/uploads\/2023\/01\/icono-PDF-copia-2.png\" alt=\"\" width=\"121\" height=\"140\" \/><\/a><\/p>\n","protected":false},"featured_media":5500,"comment_status":"open","ping_status":"closed","template":"","meta":{"spay_email":""},"product_cat":[116],"product_tag":[],"class_list":{"0":"post-5549","1":"product","2":"type-product","3":"status-publish","4":"has-post-thumbnail","6":"book_author-rene-girard","7":"product_cat-antropologia-socio-cultural","8":"entry"},"_links":{"self":[{"href":"https:\/\/tavapy.gov.py\/biblioteca\/wp-json\/wp\/v2\/product\/5549","targetHints":{"allow":["GET"]}}],"collection":[{"href":"https:\/\/tavapy.gov.py\/biblioteca\/wp-json\/wp\/v2\/product"}],"about":[{"href":"https:\/\/tavapy.gov.py\/biblioteca\/wp-json\/wp\/v2\/types\/product"}],"replies":[{"embeddable":true,"href":"https:\/\/tavapy.gov.py\/biblioteca\/wp-json\/wp\/v2\/comments?post=5549"}],"wp:featuredmedia":[{"embeddable":true,"href":"https:\/\/tavapy.gov.py\/biblioteca\/wp-json\/wp\/v2\/media\/5500"}],"wp:attachment":[{"href":"https:\/\/tavapy.gov.py\/biblioteca\/wp-json\/wp\/v2\/media?parent=5549"}],"wp:term":[{"taxonomy":"product_cat","embeddable":true,"href":"https:\/\/tavapy.gov.py\/biblioteca\/wp-json\/wp\/v2\/product_cat?post=5549"},{"taxonomy":"product_tag","embeddable":true,"href":"https:\/\/tavapy.gov.py\/biblioteca\/wp-json\/wp\/v2\/product_tag?post=5549"}],"curies":[{"name":"wp","href":"https:\/\/api.w.org\/{rel}","templated":true}]}}