{"id":5552,"date":"2023-01-06T04:11:38","date_gmt":"2023-01-06T04:11:38","guid":{"rendered":"https:\/\/tavapy.gov.py\/biblioteca\/?post_type=product&#038;p=5552"},"modified":"2023-01-06T04:11:38","modified_gmt":"2023-01-06T04:11:38","slug":"fausto","status":"publish","type":"product","link":"https:\/\/tavapy.gov.py\/biblioteca\/product\/fausto\/","title":{"rendered":"FAUSTO."},"content":{"rendered":"","protected":false},"excerpt":{"rendered":"<p>Casi tres siglos despu\u00e9s del nacimiento de su autor, \u00abFausto\u00bb, obra publicada en 1.808, sigue siendo un cl\u00e1sico, pues plantea el problema de los l\u00edmites y el sentido de la acci\u00f3n humana, y lo hace bajo la par\u00e1bola del pacto con el diablo. La obra mantiene su vigencia hoy porque, mediante los interrogantes propios de la condici\u00f3n humana, reaviva la inquietud en una \u00e9poca que pretende sentirse ajena a ellos.<\/p>\n<p>En realidad, \u00abFausto \u00abre\u00fane dos obras distintas enmarcadas en momentos muy concretos de la historia europea: el posterior a la Revoluci\u00f3n Francesa y el de la consiguiente Restauraci\u00f3n mon\u00e1rquica. En el drama se citan, igualmente, dos perfiles muy distintos de Goethe (Frankfurt, 1749 &#8211; Weimar, 1832): el alma de un joven lleno de desasosiego y la atemperada vejez de un funcionario jubilado. Si a lo largo de sesenta y cuatro a\u00f1os de creaci\u00f3n var\u00eda el autor, tambi\u00e9n cambia su personaje.<\/p>\n<p>En la primera parte, un triste erudito se lanza a una desesperada acumulaci\u00f3n de experiencias. En la segunda, un hombre l\u00facido cifra su m\u00e1xima esperanza en crear un pueblo libre en una tierra libre. Una pretenciosa individualidad es sacrificada en aras de una utop\u00eda comunitaria por la que siempre merezca la pena luchar.<\/p>\n<p><a href=\"https:\/\/tavapy.gov.py\/biblioteca\/wp-content\/uploads\/2023\/01\/GoetheJ-Fausto.pdf\" target=\"_blank\" rel=\"attachment noopener wp-att-5520\"><img loading=\"lazy\" decoding=\"async\" class=\"size-full wp-image-5520 alignleft\" src=\"https:\/\/tavapy.gov.py\/biblioteca\/wp-content\/uploads\/2023\/01\/icono-PDF-copia-2.png\" alt=\"\" width=\"121\" height=\"140\" \/><\/a><\/p>\n","protected":false},"featured_media":5505,"comment_status":"open","ping_status":"closed","template":"","meta":{"spay_email":""},"product_cat":[673],"product_tag":[],"class_list":{"0":"post-5552","1":"product","2":"type-product","3":"status-publish","4":"has-post-thumbnail","6":"book_author-johann-wolfgang-von-goethe","7":"product_cat-literatura-teatro","8":"entry"},"_links":{"self":[{"href":"https:\/\/tavapy.gov.py\/biblioteca\/wp-json\/wp\/v2\/product\/5552","targetHints":{"allow":["GET"]}}],"collection":[{"href":"https:\/\/tavapy.gov.py\/biblioteca\/wp-json\/wp\/v2\/product"}],"about":[{"href":"https:\/\/tavapy.gov.py\/biblioteca\/wp-json\/wp\/v2\/types\/product"}],"replies":[{"embeddable":true,"href":"https:\/\/tavapy.gov.py\/biblioteca\/wp-json\/wp\/v2\/comments?post=5552"}],"wp:featuredmedia":[{"embeddable":true,"href":"https:\/\/tavapy.gov.py\/biblioteca\/wp-json\/wp\/v2\/media\/5505"}],"wp:attachment":[{"href":"https:\/\/tavapy.gov.py\/biblioteca\/wp-json\/wp\/v2\/media?parent=5552"}],"wp:term":[{"taxonomy":"product_cat","embeddable":true,"href":"https:\/\/tavapy.gov.py\/biblioteca\/wp-json\/wp\/v2\/product_cat?post=5552"},{"taxonomy":"product_tag","embeddable":true,"href":"https:\/\/tavapy.gov.py\/biblioteca\/wp-json\/wp\/v2\/product_tag?post=5552"}],"curies":[{"name":"wp","href":"https:\/\/api.w.org\/{rel}","templated":true}]}}