{"id":5554,"date":"2023-01-06T04:21:51","date_gmt":"2023-01-06T04:21:51","guid":{"rendered":"https:\/\/tavapy.gov.py\/biblioteca\/?post_type=product&#038;p=5554"},"modified":"2023-01-06T04:21:52","modified_gmt":"2023-01-06T04:21:52","slug":"el-creciente-fertil-y-la-biblia","status":"publish","type":"product","link":"https:\/\/tavapy.gov.py\/biblioteca\/product\/el-creciente-fertil-y-la-biblia\/","title":{"rendered":"EL CRECIENTE F\u00c9RTIL Y LA BIBLIA."},"content":{"rendered":"","protected":false},"excerpt":{"rendered":"<p>Para poder leer y comprender la Biblia, resulta hoy imprescindible conocer el mundo en el que se desarrollan los apasionantes relatos que all\u00ed se contienen. El presente libro, publicada en 1.991, de lectura f\u00e1cil, pero de gran rigor cient\u00edfico, evoca precisamente ese mundo, condicionado por su peculiar realidad geogr\u00e1fica (el \u00abCreciente F\u00e9rtil\u00bb) y enmarcado entre las antiguas civilizaciones de Mesopotamia, Egipto y Persia.<\/p>\n<p>Su autor, el Dr. Joaqu\u00edn Gonz\u00e1lez Echegaray, es un buen conocedor del Pr\u00f3ximo Oriente por haber vivido y trabajado all\u00ed como arque\u00f3logo. El Creciente F\u00e9rtil y la Biblia es una obra que durante a\u00f1os ha tenido gran acogida entre los estudiosos y el p\u00fablico en general.<\/p>\n<p><a href=\"https:\/\/tavapy.gov.py\/biblioteca\/wp-content\/uploads\/2023\/01\/Gonzalez-EchegarayJ-El-creciente-fertil-y....pdf\" target=\"_blank\" rel=\"attachment noopener wp-att-5520\"><img loading=\"lazy\" decoding=\"async\" class=\"size-full wp-image-5520 alignleft\" src=\"https:\/\/tavapy.gov.py\/biblioteca\/wp-content\/uploads\/2023\/01\/icono-PDF-copia-2.png\" alt=\"\" width=\"121\" height=\"140\" \/><\/a><\/p>\n","protected":false},"featured_media":5508,"comment_status":"open","ping_status":"closed","template":"","meta":{"spay_email":""},"product_cat":[674],"product_tag":[],"class_list":{"0":"post-5554","1":"product","2":"type-product","3":"status-publish","4":"has-post-thumbnail","6":"book_author-joaquin-gonzalez-echegaray","7":"product_cat-estudios-biblicos-geografia-historia","8":"entry"},"_links":{"self":[{"href":"https:\/\/tavapy.gov.py\/biblioteca\/wp-json\/wp\/v2\/product\/5554","targetHints":{"allow":["GET"]}}],"collection":[{"href":"https:\/\/tavapy.gov.py\/biblioteca\/wp-json\/wp\/v2\/product"}],"about":[{"href":"https:\/\/tavapy.gov.py\/biblioteca\/wp-json\/wp\/v2\/types\/product"}],"replies":[{"embeddable":true,"href":"https:\/\/tavapy.gov.py\/biblioteca\/wp-json\/wp\/v2\/comments?post=5554"}],"wp:featuredmedia":[{"embeddable":true,"href":"https:\/\/tavapy.gov.py\/biblioteca\/wp-json\/wp\/v2\/media\/5508"}],"wp:attachment":[{"href":"https:\/\/tavapy.gov.py\/biblioteca\/wp-json\/wp\/v2\/media?parent=5554"}],"wp:term":[{"taxonomy":"product_cat","embeddable":true,"href":"https:\/\/tavapy.gov.py\/biblioteca\/wp-json\/wp\/v2\/product_cat?post=5554"},{"taxonomy":"product_tag","embeddable":true,"href":"https:\/\/tavapy.gov.py\/biblioteca\/wp-json\/wp\/v2\/product_tag?post=5554"}],"curies":[{"name":"wp","href":"https:\/\/api.w.org\/{rel}","templated":true}]}}