{"id":5555,"date":"2023-01-06T04:26:08","date_gmt":"2023-01-06T04:26:08","guid":{"rendered":"https:\/\/tavapy.gov.py\/biblioteca\/?post_type=product&#038;p=5555"},"modified":"2023-01-06T04:26:09","modified_gmt":"2023-01-06T04:26:09","slug":"hablar-de-dios-desde-el-sufrimiento-del-inocente","status":"publish","type":"product","link":"https:\/\/tavapy.gov.py\/biblioteca\/product\/hablar-de-dios-desde-el-sufrimiento-del-inocente\/","title":{"rendered":"HABLAR DE DIOS DESDE EL SUFRIMIENTO DEL INOCENTE."},"content":{"rendered":"","protected":false},"excerpt":{"rendered":"<p>Gustavo Guti\u00e9rrez es una de las figuras m\u00e1s destacadas de la teolog\u00eda de la liberaci\u00f3n latinoamericana. Sin embargo, este pensador peruano tambi\u00e9n ha dedicado gran parte de sus esfuerzos a la divulgaci\u00f3n espiritual. Un buen ejemplo de ello es este libro, en el que intenta reflexionar sobre la realidad de los pobres a partir de la figura b\u00edblica de Job y su peripecia existencial.<\/p>\n<p>Tres grandes partes estructuran la presente serie de meditaciones sobre Job publicada en 1.986: su opci\u00f3n radical, su lenguaje prof\u00e9tico, su actitud contemplativa. Por medio de ellas el autor invita al lector a realizar un viaje que parte de la realidad concreta, dominada por la pobreza y la injusticia, y termina en la contemplaci\u00f3n m\u00e1s elevada. La antropolog\u00eda y el compromiso \u00e9tico se redimen mirando m\u00e1s all\u00e1.<\/p>\n<p><a href=\"https:\/\/tavapy.gov.py\/biblioteca\/wp-content\/uploads\/2023\/01\/GutierrezG-Hablar-de-Dios-desde-el-sufrim....pdf\" target=\"_blank\" rel=\"attachment noopener wp-att-5520\"><img loading=\"lazy\" decoding=\"async\" class=\"size-full wp-image-5520 alignleft\" src=\"https:\/\/tavapy.gov.py\/biblioteca\/wp-content\/uploads\/2023\/01\/icono-PDF-copia-2.png\" alt=\"\" width=\"121\" height=\"140\" \/><\/a><\/p>\n","protected":false},"featured_media":5513,"comment_status":"open","ping_status":"closed","template":"","meta":{"spay_email":""},"product_cat":[676],"product_tag":[],"class_list":{"0":"post-5555","1":"product","2":"type-product","3":"status-publish","4":"has-post-thumbnail","6":"book_author-gustavo-gutierrez","7":"product_cat-teologia-espiritualidad","8":"entry"},"_links":{"self":[{"href":"https:\/\/tavapy.gov.py\/biblioteca\/wp-json\/wp\/v2\/product\/5555","targetHints":{"allow":["GET"]}}],"collection":[{"href":"https:\/\/tavapy.gov.py\/biblioteca\/wp-json\/wp\/v2\/product"}],"about":[{"href":"https:\/\/tavapy.gov.py\/biblioteca\/wp-json\/wp\/v2\/types\/product"}],"replies":[{"embeddable":true,"href":"https:\/\/tavapy.gov.py\/biblioteca\/wp-json\/wp\/v2\/comments?post=5555"}],"wp:featuredmedia":[{"embeddable":true,"href":"https:\/\/tavapy.gov.py\/biblioteca\/wp-json\/wp\/v2\/media\/5513"}],"wp:attachment":[{"href":"https:\/\/tavapy.gov.py\/biblioteca\/wp-json\/wp\/v2\/media?parent=5555"}],"wp:term":[{"taxonomy":"product_cat","embeddable":true,"href":"https:\/\/tavapy.gov.py\/biblioteca\/wp-json\/wp\/v2\/product_cat?post=5555"},{"taxonomy":"product_tag","embeddable":true,"href":"https:\/\/tavapy.gov.py\/biblioteca\/wp-json\/wp\/v2\/product_tag?post=5555"}],"curies":[{"name":"wp","href":"https:\/\/api.w.org\/{rel}","templated":true}]}}