{"id":5557,"date":"2023-01-06T04:37:31","date_gmt":"2023-01-06T04:37:31","guid":{"rendered":"https:\/\/tavapy.gov.py\/biblioteca\/?post_type=product&#038;p=5557"},"modified":"2023-01-06T04:37:31","modified_gmt":"2023-01-06T04:37:31","slug":"dialectica-de-la-ilustracion","status":"publish","type":"product","link":"https:\/\/tavapy.gov.py\/biblioteca\/product\/dialectica-de-la-ilustracion\/","title":{"rendered":"DIAL\u00c9CTICA DE LA ILUSTRACI\u00d3N."},"content":{"rendered":"","protected":false},"excerpt":{"rendered":"<p>La \u00abdial\u00e9ctica de la Ilustraci\u00f3n\u00bb obra publicada en 1.944 expresa la conciencia de la densa complejidad de los procesos que dieron lugar a la Modernidad y que ahora est\u00e1n a punto de superarla sin llevar consigo hacia adelante sus momentos de verdad. Y significa, adem\u00e1s, que esos procesos y la situaci\u00f3n a la que han conducido est\u00e1n atravesados por una fundamental ambig\u00fcedad: que pueden realizar la Ilustraci\u00f3n, pero tambi\u00e9n liquidarla. Lo cual sucede siempre que se ignora aquella dial\u00e9ctica.<\/p>\n<p>Este es el tema que se dilucida en el debate que ha marcado el pasado fin de siglo: el debate sobre el tr\u00e1nsito de la Modernidad a la denominada posmodernidad. Una controversia en la que est\u00e1n en juego los valores de la Ilustraci\u00f3n que configuran la identidad de nuestra cultura.<\/p>\n<p>Preservar esos valores, \u00absalvar la Ilustraci\u00f3n\u00bb, fue justamente el inter\u00e9s que movi\u00f3 a Horkheimer y Adorno a escribir Dial\u00e9ctica de la Ilustraci\u00f3n, una obra clave para situarse con lucidez en esta hora de tr\u00e1nsito.<\/p>\n<p><a href=\"https:\/\/tavapy.gov.py\/biblioteca\/wp-content\/uploads\/2023\/01\/HorkheimerM-Dialectica-de-la-ilustracion.pdf\" target=\"_blank\" rel=\"attachment noopener wp-att-5520\"><img loading=\"lazy\" decoding=\"async\" class=\"size-full wp-image-5520 alignleft\" src=\"https:\/\/tavapy.gov.py\/biblioteca\/wp-content\/uploads\/2023\/01\/icono-PDF-copia-2.png\" alt=\"\" width=\"121\" height=\"140\" \/><\/a><\/p>\n","protected":false},"featured_media":5518,"comment_status":"open","ping_status":"closed","template":"","meta":{"spay_email":""},"product_cat":[677],"product_tag":[],"class_list":{"0":"post-5557","1":"product","2":"type-product","3":"status-publish","4":"has-post-thumbnail","6":"book_author-max-horkheimer","7":"product_cat-filosofia-teoria-critica","8":"entry"},"_links":{"self":[{"href":"https:\/\/tavapy.gov.py\/biblioteca\/wp-json\/wp\/v2\/product\/5557","targetHints":{"allow":["GET"]}}],"collection":[{"href":"https:\/\/tavapy.gov.py\/biblioteca\/wp-json\/wp\/v2\/product"}],"about":[{"href":"https:\/\/tavapy.gov.py\/biblioteca\/wp-json\/wp\/v2\/types\/product"}],"replies":[{"embeddable":true,"href":"https:\/\/tavapy.gov.py\/biblioteca\/wp-json\/wp\/v2\/comments?post=5557"}],"wp:featuredmedia":[{"embeddable":true,"href":"https:\/\/tavapy.gov.py\/biblioteca\/wp-json\/wp\/v2\/media\/5518"}],"wp:attachment":[{"href":"https:\/\/tavapy.gov.py\/biblioteca\/wp-json\/wp\/v2\/media?parent=5557"}],"wp:term":[{"taxonomy":"product_cat","embeddable":true,"href":"https:\/\/tavapy.gov.py\/biblioteca\/wp-json\/wp\/v2\/product_cat?post=5557"},{"taxonomy":"product_tag","embeddable":true,"href":"https:\/\/tavapy.gov.py\/biblioteca\/wp-json\/wp\/v2\/product_tag?post=5557"}],"curies":[{"name":"wp","href":"https:\/\/api.w.org\/{rel}","templated":true}]}}