{"id":5639,"date":"2023-01-06T23:23:22","date_gmt":"2023-01-06T23:23:22","guid":{"rendered":"https:\/\/tavapy.gov.py\/biblioteca\/?post_type=product&#038;p=5639"},"modified":"2023-01-06T23:23:22","modified_gmt":"2023-01-06T23:23:22","slug":"diario-de-un-seductor","status":"publish","type":"product","link":"https:\/\/tavapy.gov.py\/biblioteca\/product\/diario-de-un-seductor\/","title":{"rendered":"DIARIO DE UN SEDUCTOR."},"content":{"rendered":"","protected":false},"excerpt":{"rendered":"<p>Diario de un Seductor es la m\u00e1s conocida obra de Soren Kierkegaard, publicada en 1.843. La novela describe la ambici\u00f3n amorosa del narrador, llamado Juan quien crea una estratagema para hacerse con el amor de una mujer de nombre Cordelia.<\/p>\n<p>A trav\u00e9s de consideraciones reflexivas del personaje principal masculino, narcisista y pedante, en torno al arte de la seducci\u00f3n, y las ep\u00edstolas remitidas a su objetivo amoroso, el libro, narrado con exquisito tacto, muestra los diferentes procesos en torno a la maquinaci\u00f3n, persuasi\u00f3n, fabulaci\u00f3n y conquista del ser deseado.<\/p>\n<p><a href=\"https:\/\/tavapy.gov.py\/biblioteca\/wp-content\/uploads\/2023\/01\/KierkegaardS-Seductor.pdf\" target=\"_blank\" rel=\"attachment noopener wp-att-5520\"><img loading=\"lazy\" decoding=\"async\" class=\"size-full wp-image-5520 alignleft\" src=\"https:\/\/tavapy.gov.py\/biblioteca\/wp-content\/uploads\/2023\/01\/icono-PDF-copia-2.png\" alt=\"\" width=\"121\" height=\"140\" \/><\/a><\/p>\n","protected":false},"featured_media":5564,"comment_status":"open","ping_status":"closed","template":"","meta":{"spay_email":""},"product_cat":[478],"product_tag":[],"class_list":{"0":"post-5639","1":"product","2":"type-product","3":"status-publish","4":"has-post-thumbnail","6":"book_author-soren-kierkegaard","7":"product_cat-novela-filosofica","8":"entry"},"_links":{"self":[{"href":"https:\/\/tavapy.gov.py\/biblioteca\/wp-json\/wp\/v2\/product\/5639","targetHints":{"allow":["GET"]}}],"collection":[{"href":"https:\/\/tavapy.gov.py\/biblioteca\/wp-json\/wp\/v2\/product"}],"about":[{"href":"https:\/\/tavapy.gov.py\/biblioteca\/wp-json\/wp\/v2\/types\/product"}],"replies":[{"embeddable":true,"href":"https:\/\/tavapy.gov.py\/biblioteca\/wp-json\/wp\/v2\/comments?post=5639"}],"wp:featuredmedia":[{"embeddable":true,"href":"https:\/\/tavapy.gov.py\/biblioteca\/wp-json\/wp\/v2\/media\/5564"}],"wp:attachment":[{"href":"https:\/\/tavapy.gov.py\/biblioteca\/wp-json\/wp\/v2\/media?parent=5639"}],"wp:term":[{"taxonomy":"product_cat","embeddable":true,"href":"https:\/\/tavapy.gov.py\/biblioteca\/wp-json\/wp\/v2\/product_cat?post=5639"},{"taxonomy":"product_tag","embeddable":true,"href":"https:\/\/tavapy.gov.py\/biblioteca\/wp-json\/wp\/v2\/product_tag?post=5639"}],"curies":[{"name":"wp","href":"https:\/\/api.w.org\/{rel}","templated":true}]}}