{"id":5640,"date":"2023-01-07T01:57:37","date_gmt":"2023-01-07T01:57:37","guid":{"rendered":"https:\/\/tavapy.gov.py\/biblioteca\/?post_type=product&#038;p=5640"},"modified":"2023-01-07T01:57:37","modified_gmt":"2023-01-07T01:57:37","slug":"la-revolucion-copernicana","status":"publish","type":"product","link":"https:\/\/tavapy.gov.py\/biblioteca\/product\/la-revolucion-copernicana\/","title":{"rendered":"LA REVOLUCI\u00d3N COPERNICANA."},"content":{"rendered":"","protected":false},"excerpt":{"rendered":"<p>La revoluci\u00f3n copernicana obra de Thomas Kuhn, f\u00edsico, fil\u00f3sofo de la ciencia e historiadoro estadounidense, publicada en 1.957.<\/p>\n<p>La mayor parte de este libro est\u00e1 consagrada a estudiar el impacto de las observaciones y teor\u00edas astron\u00f3micas sobre el pensamiento cosmol\u00f3gico antiguo y el de los comienzos de la \u00e9poca moderna, es decir, sobre el conjunto de conceptos que ten\u00eda el hombre acerca de la estructura del universo.<\/p>\n<p><a href=\"https:\/\/tavapy.gov.py\/biblioteca\/wp-content\/uploads\/2023\/01\/KuhnT-La-revolucion-copernicana-1.pdf\" target=\"_blank\" rel=\"attachment noopener wp-att-5520\"><img loading=\"lazy\" decoding=\"async\" class=\"size-full wp-image-5520 alignleft\" src=\"https:\/\/tavapy.gov.py\/biblioteca\/wp-content\/uploads\/2023\/01\/icono-PDF-copia-2.png\" alt=\"\" width=\"121\" height=\"140\" \/><\/a><\/p>\n","protected":false},"featured_media":5569,"comment_status":"open","ping_status":"closed","template":"","meta":{"spay_email":""},"product_cat":[470],"product_tag":[],"class_list":{"0":"post-5640","1":"product","2":"type-product","3":"status-publish","4":"has-post-thumbnail","6":"book_author-thomas-kuhn","7":"product_cat-filosofia-de-la-ciencia","8":"entry"},"_links":{"self":[{"href":"https:\/\/tavapy.gov.py\/biblioteca\/wp-json\/wp\/v2\/product\/5640","targetHints":{"allow":["GET"]}}],"collection":[{"href":"https:\/\/tavapy.gov.py\/biblioteca\/wp-json\/wp\/v2\/product"}],"about":[{"href":"https:\/\/tavapy.gov.py\/biblioteca\/wp-json\/wp\/v2\/types\/product"}],"replies":[{"embeddable":true,"href":"https:\/\/tavapy.gov.py\/biblioteca\/wp-json\/wp\/v2\/comments?post=5640"}],"wp:featuredmedia":[{"embeddable":true,"href":"https:\/\/tavapy.gov.py\/biblioteca\/wp-json\/wp\/v2\/media\/5569"}],"wp:attachment":[{"href":"https:\/\/tavapy.gov.py\/biblioteca\/wp-json\/wp\/v2\/media?parent=5640"}],"wp:term":[{"taxonomy":"product_cat","embeddable":true,"href":"https:\/\/tavapy.gov.py\/biblioteca\/wp-json\/wp\/v2\/product_cat?post=5640"},{"taxonomy":"product_tag","embeddable":true,"href":"https:\/\/tavapy.gov.py\/biblioteca\/wp-json\/wp\/v2\/product_tag?post=5640"}],"curies":[{"name":"wp","href":"https:\/\/api.w.org\/{rel}","templated":true}]}}