{"id":5642,"date":"2023-01-07T11:23:25","date_gmt":"2023-01-07T11:23:25","guid":{"rendered":"https:\/\/tavapy.gov.py\/biblioteca\/?post_type=product&#038;p=5642"},"modified":"2023-01-07T11:23:26","modified_gmt":"2023-01-07T11:23:26","slug":"la-metodologia-de-los-programas-de-investigacion-cientifica","status":"publish","type":"product","link":"https:\/\/tavapy.gov.py\/biblioteca\/product\/la-metodologia-de-los-programas-de-investigacion-cientifica\/","title":{"rendered":"LA METODOLOG\u00cdA DE LOS PROGRAMAS DE INVESTIGACI\u00d3N CIENT\u00cdFICA."},"content":{"rendered":"","protected":false},"excerpt":{"rendered":"<p>La metodolog\u00eda de los programas de investigaci\u00f3n cient\u00edfica, obra publicada en 1.983, constituye el primer volumen de los Escritos filos\u00f3ficos de Imre Lakatos, que re\u00fanen sus trabajos de filosof\u00eda de las matem\u00e1ticas, cr\u00edticas a diversos fil\u00f3sofos de las ciencias y varios textos sobre ciencia y educaci\u00f3n.<\/p>\n<p>Debido a la prematura muerte de Lakatos, importantes trabajos suyos sobre la ciencia emp\u00edrica quedaron in\u00e9ditos o dispersos hasta la publicaci\u00f3n de esta obra, que se ha convertido en un cl\u00e1sico de la filosof\u00eda de la ciencia.<\/p>\n<p><a href=\"https:\/\/tavapy.gov.py\/biblioteca\/wp-content\/uploads\/2023\/01\/LakatosI-La-metodologia-de-los-programas..-1.pdf\" target=\"_blank\" rel=\"attachment noopener wp-att-5520\"><img loading=\"lazy\" decoding=\"async\" class=\"size-full wp-image-5520 alignleft\" src=\"https:\/\/tavapy.gov.py\/biblioteca\/wp-content\/uploads\/2023\/01\/icono-PDF-copia-2.png\" alt=\"\" width=\"121\" height=\"140\" \/><\/a><\/p>\n","protected":false},"featured_media":5573,"comment_status":"open","ping_status":"closed","template":"","meta":{"spay_email":""},"product_cat":[470],"product_tag":[],"class_list":{"0":"post-5642","1":"product","2":"type-product","3":"status-publish","4":"has-post-thumbnail","6":"book_author-imre-lakatos","7":"product_cat-filosofia-de-la-ciencia","8":"entry"},"_links":{"self":[{"href":"https:\/\/tavapy.gov.py\/biblioteca\/wp-json\/wp\/v2\/product\/5642","targetHints":{"allow":["GET"]}}],"collection":[{"href":"https:\/\/tavapy.gov.py\/biblioteca\/wp-json\/wp\/v2\/product"}],"about":[{"href":"https:\/\/tavapy.gov.py\/biblioteca\/wp-json\/wp\/v2\/types\/product"}],"replies":[{"embeddable":true,"href":"https:\/\/tavapy.gov.py\/biblioteca\/wp-json\/wp\/v2\/comments?post=5642"}],"wp:featuredmedia":[{"embeddable":true,"href":"https:\/\/tavapy.gov.py\/biblioteca\/wp-json\/wp\/v2\/media\/5573"}],"wp:attachment":[{"href":"https:\/\/tavapy.gov.py\/biblioteca\/wp-json\/wp\/v2\/media?parent=5642"}],"wp:term":[{"taxonomy":"product_cat","embeddable":true,"href":"https:\/\/tavapy.gov.py\/biblioteca\/wp-json\/wp\/v2\/product_cat?post=5642"},{"taxonomy":"product_tag","embeddable":true,"href":"https:\/\/tavapy.gov.py\/biblioteca\/wp-json\/wp\/v2\/product_tag?post=5642"}],"curies":[{"name":"wp","href":"https:\/\/api.w.org\/{rel}","templated":true}]}}