{"id":5643,"date":"2023-01-07T11:28:57","date_gmt":"2023-01-07T11:28:57","guid":{"rendered":"https:\/\/tavapy.gov.py\/biblioteca\/?post_type=product&#038;p=5643"},"modified":"2023-01-07T11:28:57","modified_gmt":"2023-01-07T11:28:57","slug":"la-abolicion-del-hombre","status":"publish","type":"product","link":"https:\/\/tavapy.gov.py\/biblioteca\/product\/la-abolicion-del-hombre\/","title":{"rendered":"LA ABOLICI\u00d3N DEL HOMBRE."},"content":{"rendered":"","protected":false},"excerpt":{"rendered":"<p>En este libro publicado en 1.943, Clive Staples Lewis reflexiona sobre la sociedad y la naturaleza; y los desaf\u00edos sobre c\u00f3mo educar bien a nuestros hijos. \u00c9l elocuentemente argumenta que necesitamos como sociedad para apoyar la lectura y la escritura con lecciones de moralidad y en el proceso educarnos y reeducarnos a nosotros mismos.<\/p>\n<p>Asombroso y prof\u00e9tico, La abolici\u00f3n del hombre sigue siendo una de las obras m\u00e1s controvertidas de C.S. Lewis. Lewis se propone persuadir a su audiencia sobre la importancia actual y la relevancia de los valores objetivos universales, como el coraje y el honor, y la necesidad fundamental de la ley natural.<\/p>\n<p>Tambi\u00e9n hace un caso convincente de que el retirar uno de estos pilares de nuestro sistema educativo, aunque sea \u00aben nombre de la ciencia\u00bb, ser\u00eda catastr\u00f3fico. National Review lo coloca en el n\u00famero siete en sus \u00ab100 mejores libros de no ficci\u00f3n del siglo XX\u00bb.<\/p>\n<p><a href=\"https:\/\/tavapy.gov.py\/biblioteca\/wp-content\/uploads\/2023\/01\/LewisC-La-abolicion-del-hombre.pdf\" target=\"_blank\" rel=\"attachment noopener wp-att-5520\"><img loading=\"lazy\" decoding=\"async\" class=\"size-full wp-image-5520 alignleft\" src=\"https:\/\/tavapy.gov.py\/biblioteca\/wp-content\/uploads\/2023\/01\/icono-PDF-copia-2.png\" alt=\"\" width=\"121\" height=\"140\" \/><\/a><\/p>\n","protected":false},"featured_media":5571,"comment_status":"open","ping_status":"closed","template":"","meta":{"spay_email":""},"product_cat":[355],"product_tag":[],"class_list":{"0":"post-5643","1":"product","2":"type-product","3":"status-publish","4":"has-post-thumbnail","6":"book_author-clive-staples-lewis","7":"product_cat-filosofia-ensayo","8":"entry"},"_links":{"self":[{"href":"https:\/\/tavapy.gov.py\/biblioteca\/wp-json\/wp\/v2\/product\/5643","targetHints":{"allow":["GET"]}}],"collection":[{"href":"https:\/\/tavapy.gov.py\/biblioteca\/wp-json\/wp\/v2\/product"}],"about":[{"href":"https:\/\/tavapy.gov.py\/biblioteca\/wp-json\/wp\/v2\/types\/product"}],"replies":[{"embeddable":true,"href":"https:\/\/tavapy.gov.py\/biblioteca\/wp-json\/wp\/v2\/comments?post=5643"}],"wp:featuredmedia":[{"embeddable":true,"href":"https:\/\/tavapy.gov.py\/biblioteca\/wp-json\/wp\/v2\/media\/5571"}],"wp:attachment":[{"href":"https:\/\/tavapy.gov.py\/biblioteca\/wp-json\/wp\/v2\/media?parent=5643"}],"wp:term":[{"taxonomy":"product_cat","embeddable":true,"href":"https:\/\/tavapy.gov.py\/biblioteca\/wp-json\/wp\/v2\/product_cat?post=5643"},{"taxonomy":"product_tag","embeddable":true,"href":"https:\/\/tavapy.gov.py\/biblioteca\/wp-json\/wp\/v2\/product_tag?post=5643"}],"curies":[{"name":"wp","href":"https:\/\/api.w.org\/{rel}","templated":true}]}}