{"id":5644,"date":"2023-01-07T11:34:09","date_gmt":"2023-01-07T11:34:09","guid":{"rendered":"https:\/\/tavapy.gov.py\/biblioteca\/?post_type=product&#038;p=5644"},"modified":"2023-01-07T11:34:09","modified_gmt":"2023-01-07T11:34:09","slug":"la-sociedad-de-la-sociedad","status":"publish","type":"product","link":"https:\/\/tavapy.gov.py\/biblioteca\/product\/la-sociedad-de-la-sociedad\/","title":{"rendered":"LA SOCIEDAD DE LA SOCIEDAD."},"content":{"rendered":"","protected":false},"excerpt":{"rendered":"<p>Luhmann trabaj\u00f3 durante los \u00faltimos treinta a\u00f1os de su vida en una teor\u00eda de la sociedad que dej\u00f3 se\u00f1alado en este libro La sociedad de la sociedad, publicad en el 2.009.<\/p>\n<p>El lector hispano tiene en sus manos una Teor\u00eda de la sociedad que tard\u00f3 a\u00f1os en integrarse. Con su lectura y an\u00e1lisis, los seguidores y cr\u00edticos de Luhmann disponen de un corpus monumental para dar contenido a sus \u201cintuiciones cognoscitivas\u201d en el marco de una teor\u00eda de los sistemas sociales, por un lado, o refutar su plausibilidad emp\u00edrica y consistencia cient\u00edfica, por el otro.<\/p>\n<p>Como se ha mencionado, este libro es la exposici\u00f3n de la teor\u00eda de la sociedad que Luhmann ambicionaba desde fines de los a\u00f1os sesenta. La tesis central del volumen es que no hay un punto en la sociedad de la sociedad que pueda ser observado en su totalidad: \u201c\u2026la descripci\u00f3n del sistema es parte del sistema y pueden existir un gran n\u00famero de descripciones\u201d.<\/p>\n<p>Despu\u00e9s de los cl\u00e1sicos, y por lo tanto, durante casi 100 a\u00f1os, la sociolog\u00eda ha mostrado un notable progreso en la teor\u00eda de la sociedad. Tras la disputa ideol\u00f3gica del siglo XIX, la paradoja de una sociedad de la comunicaci\u00f3n en la sociedad fue resuelto por distintas f\u00f3rmulas. La sociolog\u00eda ha hecho muchos avances en los campos de la metodolog\u00eda y la teor\u00eda y, sobre todo, la acumulaci\u00f3n de conocimiento emp\u00edrico, pero ha salvado la descripci\u00f3n de la sociedad en su conjunto.<\/p>\n<p><a href=\"https:\/\/tavapy.gov.py\/biblioteca\/wp-content\/uploads\/2023\/01\/LuhmannN-La-sociedad-de-la-sociedad.pdf.pdf\" target=\"_blank\" rel=\"attachment noopener wp-att-5520\"><img loading=\"lazy\" decoding=\"async\" class=\"size-full wp-image-5520 alignleft\" src=\"https:\/\/tavapy.gov.py\/biblioteca\/wp-content\/uploads\/2023\/01\/icono-PDF-copia-2.png\" alt=\"\" width=\"121\" height=\"140\" \/><\/a><\/p>\n","protected":false},"featured_media":5575,"comment_status":"open","ping_status":"closed","template":"","meta":{"spay_email":""},"product_cat":[70],"product_tag":[],"class_list":{"0":"post-5644","1":"product","2":"type-product","3":"status-publish","4":"has-post-thumbnail","6":"book_author-niklas-luhmann","7":"product_cat-sociologia","8":"entry"},"_links":{"self":[{"href":"https:\/\/tavapy.gov.py\/biblioteca\/wp-json\/wp\/v2\/product\/5644","targetHints":{"allow":["GET"]}}],"collection":[{"href":"https:\/\/tavapy.gov.py\/biblioteca\/wp-json\/wp\/v2\/product"}],"about":[{"href":"https:\/\/tavapy.gov.py\/biblioteca\/wp-json\/wp\/v2\/types\/product"}],"replies":[{"embeddable":true,"href":"https:\/\/tavapy.gov.py\/biblioteca\/wp-json\/wp\/v2\/comments?post=5644"}],"wp:featuredmedia":[{"embeddable":true,"href":"https:\/\/tavapy.gov.py\/biblioteca\/wp-json\/wp\/v2\/media\/5575"}],"wp:attachment":[{"href":"https:\/\/tavapy.gov.py\/biblioteca\/wp-json\/wp\/v2\/media?parent=5644"}],"wp:term":[{"taxonomy":"product_cat","embeddable":true,"href":"https:\/\/tavapy.gov.py\/biblioteca\/wp-json\/wp\/v2\/product_cat?post=5644"},{"taxonomy":"product_tag","embeddable":true,"href":"https:\/\/tavapy.gov.py\/biblioteca\/wp-json\/wp\/v2\/product_tag?post=5644"}],"curies":[{"name":"wp","href":"https:\/\/api.w.org\/{rel}","templated":true}]}}