{"id":5645,"date":"2023-01-07T11:42:51","date_gmt":"2023-01-07T11:42:51","guid":{"rendered":"https:\/\/tavapy.gov.py\/biblioteca\/?post_type=product&#038;p=5645"},"modified":"2023-01-07T11:42:51","modified_gmt":"2023-01-07T11:42:51","slug":"los-argonautas-del-pacifico-occidental-vol-i","status":"publish","type":"product","link":"https:\/\/tavapy.gov.py\/biblioteca\/product\/los-argonautas-del-pacifico-occidental-vol-i\/","title":{"rendered":"LOS ARGONAUTAS DEL PAC\u00cdFICO OCCIDENTAL VOL. I"},"content":{"rendered":"","protected":false},"excerpt":{"rendered":"<p>Los Argonautas del Pac\u00edfico Occidental. Un estudio sobre comercio y aventura entre los ind\u00edgenas de los archipi\u00e9lagos de la Nueva Guinea melan\u00e9sica es un libro publicado en ingl\u00e9s en 1922 por el antrop\u00f3logo polaco Bronislaw Malinowski. Se trata de una de las obras m\u00e1s importantes en etnograf\u00eda y referencia obligatoria en el estudio de la antropolog\u00eda.<\/p>\n<p>Esta obra es un estudio cl\u00e1sico de antropolog\u00eda realizado entre los habitantes de las islas Trobriand, una serie de islas pr\u00f3ximas a Nueva Guinea. Desarrolla todos los aspectos culturales de esta sociedad, centr\u00e1ndose principalmente en un sistema comercial de intercambio conocido como Kula.<\/p>\n<p><a href=\"https:\/\/tavapy.gov.py\/biblioteca\/wp-content\/uploads\/2023\/01\/MalinowskiB-Los-Argonautas-del-Pacifico....pdf\" target=\"_blank\" rel=\"attachment noopener wp-att-5520\"><img loading=\"lazy\" decoding=\"async\" class=\"size-full wp-image-5520 alignleft\" src=\"https:\/\/tavapy.gov.py\/biblioteca\/wp-content\/uploads\/2023\/01\/icono-PDF-copia-2.png\" alt=\"\" width=\"121\" height=\"140\" \/><\/a><\/p>\n","protected":false},"featured_media":5578,"comment_status":"open","ping_status":"closed","template":"","meta":{"spay_email":""},"product_cat":[116],"product_tag":[],"class_list":{"0":"post-5645","1":"product","2":"type-product","3":"status-publish","4":"has-post-thumbnail","6":"book_author-bronislaw-malinowski","7":"product_cat-antropologia-socio-cultural","8":"entry"},"_links":{"self":[{"href":"https:\/\/tavapy.gov.py\/biblioteca\/wp-json\/wp\/v2\/product\/5645","targetHints":{"allow":["GET"]}}],"collection":[{"href":"https:\/\/tavapy.gov.py\/biblioteca\/wp-json\/wp\/v2\/product"}],"about":[{"href":"https:\/\/tavapy.gov.py\/biblioteca\/wp-json\/wp\/v2\/types\/product"}],"replies":[{"embeddable":true,"href":"https:\/\/tavapy.gov.py\/biblioteca\/wp-json\/wp\/v2\/comments?post=5645"}],"wp:featuredmedia":[{"embeddable":true,"href":"https:\/\/tavapy.gov.py\/biblioteca\/wp-json\/wp\/v2\/media\/5578"}],"wp:attachment":[{"href":"https:\/\/tavapy.gov.py\/biblioteca\/wp-json\/wp\/v2\/media?parent=5645"}],"wp:term":[{"taxonomy":"product_cat","embeddable":true,"href":"https:\/\/tavapy.gov.py\/biblioteca\/wp-json\/wp\/v2\/product_cat?post=5645"},{"taxonomy":"product_tag","embeddable":true,"href":"https:\/\/tavapy.gov.py\/biblioteca\/wp-json\/wp\/v2\/product_tag?post=5645"}],"curies":[{"name":"wp","href":"https:\/\/api.w.org\/{rel}","templated":true}]}}