{"id":5646,"date":"2023-01-07T22:41:48","date_gmt":"2023-01-07T22:41:48","guid":{"rendered":"https:\/\/tavapy.gov.py\/biblioteca\/?post_type=product&#038;p=5646"},"modified":"2023-01-07T22:41:49","modified_gmt":"2023-01-07T22:41:49","slug":"plenitud","status":"publish","type":"product","link":"https:\/\/tavapy.gov.py\/biblioteca\/product\/plenitud\/","title":{"rendered":"PLENITUD."},"content":{"rendered":"","protected":false},"excerpt":{"rendered":"<p>Libro de prosas semifilos\u00f3ficas del mexicano Amado Nervo, escrito en 1.918. M\u00e1s con el sentimiento que con la raz\u00f3n, el poeta medita acerca de cuestiones de las que nunca estuvo alejado: la religi\u00f3n, el amor, la metaf\u00edsica, la moral, las aspiracio\u00adnes humanas, los buenos modales, etc.<\/p>\n<p>El empleo de un tono recatado y de un lenguaje sencillo, hacen que estos pensamien\u00adtos sean de f\u00e1cil lectura. Sobre todo cuando adopta la m\u00e1xima como forma de expre\u00adsi\u00f3n, desborda mucho de su sentimentalidad, y la aparente hondura de sus confesiones aflora con sinceras palabras a la superficie.<\/p>\n<p><a href=\"https:\/\/tavapy.gov.py\/biblioteca\/wp-content\/uploads\/2023\/01\/NervoA-Plenitud-1.pdf\" target=\"_blank\" rel=\"attachment noopener wp-att-5520\"><img loading=\"lazy\" decoding=\"async\" class=\"size-full wp-image-5520 alignleft\" src=\"https:\/\/tavapy.gov.py\/biblioteca\/wp-content\/uploads\/2023\/01\/icono-PDF-copia-2.png\" alt=\"\" width=\"121\" height=\"140\" \/><\/a><\/p>\n","protected":false},"featured_media":5581,"comment_status":"open","ping_status":"closed","template":"","meta":{"spay_email":""},"product_cat":[97],"product_tag":[],"class_list":{"0":"post-5646","1":"product","2":"type-product","3":"status-publish","4":"has-post-thumbnail","6":"book_author-amado-nervo","7":"product_cat-poesia","8":"entry"},"_links":{"self":[{"href":"https:\/\/tavapy.gov.py\/biblioteca\/wp-json\/wp\/v2\/product\/5646","targetHints":{"allow":["GET"]}}],"collection":[{"href":"https:\/\/tavapy.gov.py\/biblioteca\/wp-json\/wp\/v2\/product"}],"about":[{"href":"https:\/\/tavapy.gov.py\/biblioteca\/wp-json\/wp\/v2\/types\/product"}],"replies":[{"embeddable":true,"href":"https:\/\/tavapy.gov.py\/biblioteca\/wp-json\/wp\/v2\/comments?post=5646"}],"wp:featuredmedia":[{"embeddable":true,"href":"https:\/\/tavapy.gov.py\/biblioteca\/wp-json\/wp\/v2\/media\/5581"}],"wp:attachment":[{"href":"https:\/\/tavapy.gov.py\/biblioteca\/wp-json\/wp\/v2\/media?parent=5646"}],"wp:term":[{"taxonomy":"product_cat","embeddable":true,"href":"https:\/\/tavapy.gov.py\/biblioteca\/wp-json\/wp\/v2\/product_cat?post=5646"},{"taxonomy":"product_tag","embeddable":true,"href":"https:\/\/tavapy.gov.py\/biblioteca\/wp-json\/wp\/v2\/product_tag?post=5646"}],"curies":[{"name":"wp","href":"https:\/\/api.w.org\/{rel}","templated":true}]}}