{"id":5647,"date":"2023-01-07T22:53:19","date_gmt":"2023-01-07T22:53:19","guid":{"rendered":"https:\/\/tavapy.gov.py\/biblioteca\/?post_type=product&#038;p=5647"},"modified":"2023-01-07T22:53:19","modified_gmt":"2023-01-07T22:53:19","slug":"la-muerte-de-las-catedrales","status":"publish","type":"product","link":"https:\/\/tavapy.gov.py\/biblioteca\/product\/la-muerte-de-las-catedrales\/","title":{"rendered":"LA MUERTE DE LAS CATEDRALES."},"content":{"rendered":"","protected":false},"excerpt":{"rendered":"<p>La muerte de las catedrales es un trabajo aparecido en Le Figaro el 16 de agosto de 1904, en el que intentaba mostrar los perjuicios que para la continuidad de catedrales e iglesias tendr\u00eda la aprobaci\u00f3n del proyecto Briand, que supon\u00eda la separaci\u00f3n entre Iglesia y Estado. Estas p\u00e1ginas son una bella muestra de la prosa proustiana.<\/p>\n<p><a href=\"https:\/\/tavapy.gov.py\/biblioteca\/wp-content\/uploads\/2023\/01\/ProustM-La-muerte-de-las-catedrales-1.pdf\" target=\"_blank\" rel=\"attachment noopener wp-att-5520\"><img loading=\"lazy\" decoding=\"async\" class=\"size-full wp-image-5520 alignleft\" src=\"https:\/\/tavapy.gov.py\/biblioteca\/wp-content\/uploads\/2023\/01\/icono-PDF-copia-2.png\" alt=\"\" width=\"121\" height=\"140\" \/><\/a><\/p>\n","protected":false},"featured_media":5583,"comment_status":"open","ping_status":"closed","template":"","meta":{"spay_email":""},"product_cat":[681],"product_tag":[],"class_list":{"0":"post-5647","1":"product","2":"type-product","3":"status-publish","4":"has-post-thumbnail","6":"book_author-marcel-proust","7":"product_cat-literatura-de-viajes","8":"entry"},"_links":{"self":[{"href":"https:\/\/tavapy.gov.py\/biblioteca\/wp-json\/wp\/v2\/product\/5647","targetHints":{"allow":["GET"]}}],"collection":[{"href":"https:\/\/tavapy.gov.py\/biblioteca\/wp-json\/wp\/v2\/product"}],"about":[{"href":"https:\/\/tavapy.gov.py\/biblioteca\/wp-json\/wp\/v2\/types\/product"}],"replies":[{"embeddable":true,"href":"https:\/\/tavapy.gov.py\/biblioteca\/wp-json\/wp\/v2\/comments?post=5647"}],"wp:featuredmedia":[{"embeddable":true,"href":"https:\/\/tavapy.gov.py\/biblioteca\/wp-json\/wp\/v2\/media\/5583"}],"wp:attachment":[{"href":"https:\/\/tavapy.gov.py\/biblioteca\/wp-json\/wp\/v2\/media?parent=5647"}],"wp:term":[{"taxonomy":"product_cat","embeddable":true,"href":"https:\/\/tavapy.gov.py\/biblioteca\/wp-json\/wp\/v2\/product_cat?post=5647"},{"taxonomy":"product_tag","embeddable":true,"href":"https:\/\/tavapy.gov.py\/biblioteca\/wp-json\/wp\/v2\/product_tag?post=5647"}],"curies":[{"name":"wp","href":"https:\/\/api.w.org\/{rel}","templated":true}]}}