{"id":5648,"date":"2023-01-07T22:59:06","date_gmt":"2023-01-07T22:59:06","guid":{"rendered":"https:\/\/tavapy.gov.py\/biblioteca\/?post_type=product&#038;p=5648"},"modified":"2023-01-07T22:59:06","modified_gmt":"2023-01-07T22:59:06","slug":"el-tunel","status":"publish","type":"product","link":"https:\/\/tavapy.gov.py\/biblioteca\/product\/el-tunel\/","title":{"rendered":"EL T\u00daNEL."},"content":{"rendered":"","protected":false},"excerpt":{"rendered":"<p>En una trama de amor y muerte que aborda la soledad del individuo contempor\u00e1neo, el pintor Juan Pablo Castel se debate por comprender las causas que lo arrastraron a matar a la mujer que amaba, Mar\u00eda Iribarne, y que era su \u00fanica v\u00eda de salvaci\u00f3n.<\/p>\n<p>En este alucinante drama de la vida interior, seres intrincados en la bestial b\u00fasqueda de sentido ceden a la mentira, la hipocres\u00eda y los celos desmedidos. Aventura amorosa, aventura on\u00edrica, aventura del ser que brinda testimonio de un asesinato, de cierta memoria culpable y de una valiente introspecci\u00f3n.<\/p>\n<p>Para quien todav\u00eda no la ley\u00f3, El t\u00fanel, obra publicada en 1.948 es la mejor introducci\u00f3n al universo prodigioso de Ernesto S\u00e1bato; para quien la conoce, un cl\u00e1sico de las letras del continente, una historia sobre el drama del hombre arrojado en el sinsentido m\u00e1s doloroso: la conciencia de la nada.<\/p>\n<p><a href=\"https:\/\/tavapy.gov.py\/biblioteca\/wp-content\/uploads\/2023\/01\/SabatoE-Tunel.pdf\" target=\"_blank\" rel=\"attachment noopener wp-att-5520\"><img loading=\"lazy\" decoding=\"async\" class=\"size-full wp-image-5520 alignleft\" src=\"https:\/\/tavapy.gov.py\/biblioteca\/wp-content\/uploads\/2023\/01\/icono-PDF-copia-2.png\" alt=\"\" width=\"121\" height=\"140\" \/><\/a><\/p>\n","protected":false},"featured_media":5585,"comment_status":"open","ping_status":"closed","template":"","meta":{"spay_email":""},"product_cat":[57],"product_tag":[],"class_list":{"0":"post-5648","1":"product","2":"type-product","3":"status-publish","4":"has-post-thumbnail","6":"book_author-ernesto-sabato","7":"product_cat-novela","8":"entry"},"_links":{"self":[{"href":"https:\/\/tavapy.gov.py\/biblioteca\/wp-json\/wp\/v2\/product\/5648","targetHints":{"allow":["GET"]}}],"collection":[{"href":"https:\/\/tavapy.gov.py\/biblioteca\/wp-json\/wp\/v2\/product"}],"about":[{"href":"https:\/\/tavapy.gov.py\/biblioteca\/wp-json\/wp\/v2\/types\/product"}],"replies":[{"embeddable":true,"href":"https:\/\/tavapy.gov.py\/biblioteca\/wp-json\/wp\/v2\/comments?post=5648"}],"wp:featuredmedia":[{"embeddable":true,"href":"https:\/\/tavapy.gov.py\/biblioteca\/wp-json\/wp\/v2\/media\/5585"}],"wp:attachment":[{"href":"https:\/\/tavapy.gov.py\/biblioteca\/wp-json\/wp\/v2\/media?parent=5648"}],"wp:term":[{"taxonomy":"product_cat","embeddable":true,"href":"https:\/\/tavapy.gov.py\/biblioteca\/wp-json\/wp\/v2\/product_cat?post=5648"},{"taxonomy":"product_tag","embeddable":true,"href":"https:\/\/tavapy.gov.py\/biblioteca\/wp-json\/wp\/v2\/product_tag?post=5648"}],"curies":[{"name":"wp","href":"https:\/\/api.w.org\/{rel}","templated":true}]}}