{"id":5649,"date":"2023-01-07T23:04:52","date_gmt":"2023-01-07T23:04:52","guid":{"rendered":"https:\/\/tavapy.gov.py\/biblioteca\/?post_type=product&#038;p=5649"},"modified":"2023-01-07T23:04:52","modified_gmt":"2023-01-07T23:04:52","slug":"el-acontecimiento-y-lo-sagrado","status":"publish","type":"product","link":"https:\/\/tavapy.gov.py\/biblioteca\/product\/el-acontecimiento-y-lo-sagrado\/","title":{"rendered":"EL ACONTECIMIENTO Y LO SAGRADO."},"content":{"rendered":"","protected":false},"excerpt":{"rendered":"<p>La filosof\u00eda no ha dejado de plantearse, fundamentalmente desde el siglo XX, el problema de c\u00f3mo pensar la irrupci\u00f3n de la novedad, la posibilidad de crear o de inventar una nueva forma de pensamiento. Se han hecho grandes esfuerzos para pensar la realidad fuera de los l\u00edmites de las categor\u00edas tradicionales, y la noci\u00f3n de acontecimiento ha sido postulada para abordar de otro modo los problemas ontol\u00f3gicos.<\/p>\n<p>Por consiguiente, resulta de suma relevancia para la coyuntura filos\u00f3fica actual preguntarnos: \u00bfSabemos qu\u00e9 nombramos con la noci\u00f3n de acontecimiento? \u00bfCu\u00e1l es el alcance de su novedad? \u00bfRemite el acontecimiento al lado \u00f3ntico o al lado ontol\u00f3gico de la realidad? \u00bfPuede ser referido o vinculado con lo sagrado? \u00bfEs lo sagrado el lugar originario del acontecimiento?<\/p>\n<p>Este libro publicado en 2.017, cuyo hilo conductor gira en torno al acontecimiento y lo sagrado, busca esclarecer estas preguntas desde m\u00faltiples perspectivas a fin de aprehender su significado para la compresi\u00f3n de un mundo en que la contingencia se presenta y nos afecta.<\/p>\n<p><a href=\"https:\/\/tavapy.gov.py\/biblioteca\/wp-content\/uploads\/2023\/01\/ScannoneJ-Edi-El-acontecimiento-y-lo-sagrado.pdf.pdf\" target=\"_blank\" rel=\"attachment noopener wp-att-5520\"><img loading=\"lazy\" decoding=\"async\" class=\"size-full wp-image-5520 alignleft\" src=\"https:\/\/tavapy.gov.py\/biblioteca\/wp-content\/uploads\/2023\/01\/icono-PDF-copia-2.png\" alt=\"\" width=\"121\" height=\"140\" \/><\/a><\/p>\n","protected":false},"featured_media":5587,"comment_status":"open","ping_status":"closed","template":"","meta":{"spay_email":""},"product_cat":[59],"product_tag":[],"class_list":{"0":"post-5649","1":"product","2":"type-product","3":"status-publish","4":"has-post-thumbnail","6":"book_author-juan-carlos-scannone","7":"product_cat-filosofia","8":"entry"},"_links":{"self":[{"href":"https:\/\/tavapy.gov.py\/biblioteca\/wp-json\/wp\/v2\/product\/5649","targetHints":{"allow":["GET"]}}],"collection":[{"href":"https:\/\/tavapy.gov.py\/biblioteca\/wp-json\/wp\/v2\/product"}],"about":[{"href":"https:\/\/tavapy.gov.py\/biblioteca\/wp-json\/wp\/v2\/types\/product"}],"replies":[{"embeddable":true,"href":"https:\/\/tavapy.gov.py\/biblioteca\/wp-json\/wp\/v2\/comments?post=5649"}],"wp:featuredmedia":[{"embeddable":true,"href":"https:\/\/tavapy.gov.py\/biblioteca\/wp-json\/wp\/v2\/media\/5587"}],"wp:attachment":[{"href":"https:\/\/tavapy.gov.py\/biblioteca\/wp-json\/wp\/v2\/media?parent=5649"}],"wp:term":[{"taxonomy":"product_cat","embeddable":true,"href":"https:\/\/tavapy.gov.py\/biblioteca\/wp-json\/wp\/v2\/product_cat?post=5649"},{"taxonomy":"product_tag","embeddable":true,"href":"https:\/\/tavapy.gov.py\/biblioteca\/wp-json\/wp\/v2\/product_tag?post=5649"}],"curies":[{"name":"wp","href":"https:\/\/api.w.org\/{rel}","templated":true}]}}