{"id":5650,"date":"2023-01-07T23:12:52","date_gmt":"2023-01-07T23:12:52","guid":{"rendered":"https:\/\/tavapy.gov.py\/biblioteca\/?post_type=product&#038;p=5650"},"modified":"2023-01-07T23:12:52","modified_gmt":"2023-01-07T23:12:52","slug":"estrategias-politicas","status":"publish","type":"product","link":"https:\/\/tavapy.gov.py\/biblioteca\/product\/estrategias-politicas\/","title":{"rendered":"ESTRATEGIAS POL\u00cdTICAS."},"content":{"rendered":"","protected":false},"excerpt":{"rendered":"<p>Este libro publicado en el 2.000 busca transmitir la idea de que la estrategia es necesaria y de que para hacer pol\u00edtica no basta la inspiraci\u00f3n \u201cdivina\u201d de un pol\u00edtico o de un asesor. El que se interese en generar un impacto a largo plazo, no s\u00f3lo debe planificar el momento pr\u00f3ximo para satisfacer sus ansias de poder a corto plazo, sino debe pensar en la continuidad y en la previsibilidad.<\/p>\n<p>El libro desea convencer a los lectores &#8211; especialmente a los pol\u00edticos &#8211; que el \u00e9xito que alcancen se deriva de estrategias bien planeadas y de la firmeza de su ejecuci\u00f3n. Adem\u00e1s, desea familiarizarlos con la estupenda variedad de soluciones estrat\u00e9gicas.<\/p>\n<p><a href=\"https:\/\/tavapy.gov.py\/biblioteca\/wp-content\/uploads\/2023\/01\/SchroderP-Estrategias-politicas.pdf.pdf\" target=\"_blank\" rel=\"attachment noopener wp-att-5520\"><img loading=\"lazy\" decoding=\"async\" class=\"size-full wp-image-5520 alignleft\" src=\"https:\/\/tavapy.gov.py\/biblioteca\/wp-content\/uploads\/2023\/01\/icono-PDF-copia-2.png\" alt=\"\" width=\"121\" height=\"140\" \/><\/a><\/p>\n","protected":false},"featured_media":5590,"comment_status":"open","ping_status":"closed","template":"","meta":{"spay_email":""},"product_cat":[48],"product_tag":[],"class_list":{"0":"post-5650","1":"product","2":"type-product","3":"status-publish","4":"has-post-thumbnail","6":"book_author-peter-schroder","7":"product_cat-politica","8":"entry"},"_links":{"self":[{"href":"https:\/\/tavapy.gov.py\/biblioteca\/wp-json\/wp\/v2\/product\/5650","targetHints":{"allow":["GET"]}}],"collection":[{"href":"https:\/\/tavapy.gov.py\/biblioteca\/wp-json\/wp\/v2\/product"}],"about":[{"href":"https:\/\/tavapy.gov.py\/biblioteca\/wp-json\/wp\/v2\/types\/product"}],"replies":[{"embeddable":true,"href":"https:\/\/tavapy.gov.py\/biblioteca\/wp-json\/wp\/v2\/comments?post=5650"}],"wp:featuredmedia":[{"embeddable":true,"href":"https:\/\/tavapy.gov.py\/biblioteca\/wp-json\/wp\/v2\/media\/5590"}],"wp:attachment":[{"href":"https:\/\/tavapy.gov.py\/biblioteca\/wp-json\/wp\/v2\/media?parent=5650"}],"wp:term":[{"taxonomy":"product_cat","embeddable":true,"href":"https:\/\/tavapy.gov.py\/biblioteca\/wp-json\/wp\/v2\/product_cat?post=5650"},{"taxonomy":"product_tag","embeddable":true,"href":"https:\/\/tavapy.gov.py\/biblioteca\/wp-json\/wp\/v2\/product_tag?post=5650"}],"curies":[{"name":"wp","href":"https:\/\/api.w.org\/{rel}","templated":true}]}}