{"id":5652,"date":"2023-01-07T23:28:23","date_gmt":"2023-01-07T23:28:23","guid":{"rendered":"https:\/\/tavapy.gov.py\/biblioteca\/?post_type=product&#038;p=5652"},"modified":"2023-01-07T23:28:24","modified_gmt":"2023-01-07T23:28:24","slug":"el-nacimiento-de-la-fisica-en-el-texto-de-lucrecio","status":"publish","type":"product","link":"https:\/\/tavapy.gov.py\/biblioteca\/product\/el-nacimiento-de-la-fisica-en-el-texto-de-lucrecio\/","title":{"rendered":"EL NACIMIENTO DE LA F\u00cdSICA EN EL TEXTO DE LUCRECIO."},"content":{"rendered":"","protected":false},"excerpt":{"rendered":"<p>Se acepta generalmente que la f\u00edsica naci\u00f3 en el curso del Renacimiento. No obstante, ell t\u00e9rmino \u00abf\u00edsica\u00bb es de uso corriente en los tratados de la Antig\u00fcedad. El texto de Lucrecio se titula De rerum natura, \u00abF\u00edsica\u00bb. \u00bfImplica s\u00f3lo el nombre o tambi\u00e9n la cosa? Michel Serres se inclina por la segunda opci\u00f3n en su obra publicada en 1.980.<\/p>\n<p>La hip\u00f3tesis at\u00f3mica se hab\u00eda considerado hasta ahora en el marco global de la mec\u00e1nica de los s\u00f3lidos, y este punto de vista hac\u00eda que la totalidad o algunas partes de la f\u00edsica epic\u00farea apareciesen como absurdas. La ocurrencia de la declinaci\u00f3n resultaba incomprensible: nadie ha visto jam\u00e1s que un cuerpo grave caiga desvi\u00e1ndose bruscamente de su trayectoria. Pero todo cambia cuando se contempla el atomismo en el marco de la mec\u00e1nica de los fluidos. La declinaci\u00f3n es el inicio de un torbellino en el caudal hidr\u00e1ulico.<\/p>\n<p>El an\u00e1lisis del modelo de los torbellinos o las turbulencias muestra que esta f\u00edsica fue matematizada en y por la obra de Arqu\u00edmedes, que se experiment\u00f3 en los casos de los meteoros y del magnetismo, y que resulta aplicable a problemas para los cuales no ten\u00edamos hasta hoy m\u00e1s que un discurso descriptivo. Nuestra ciencia moderna y contempor\u00e1nea es m\u00e1s antigua de lo que pens\u00e1bamos: hemos de cambiar de escala y hablar de tres milenios all\u00ed donde habl\u00e1bamos de tres siglos.<\/p>\n<p><a href=\"https:\/\/tavapy.gov.py\/biblioteca\/wp-content\/uploads\/2023\/01\/SerresM-El-nacimiento-de-la-fisica-en-el-texto-de-Lucrecio.pdf.pdf\" target=\"_blank\" rel=\"attachment noopener wp-att-5520\"><img loading=\"lazy\" decoding=\"async\" class=\"size-full wp-image-5520 alignleft\" src=\"https:\/\/tavapy.gov.py\/biblioteca\/wp-content\/uploads\/2023\/01\/icono-PDF-copia-2.png\" alt=\"\" width=\"121\" height=\"140\" \/><\/a><\/p>\n","protected":false},"featured_media":5595,"comment_status":"open","ping_status":"closed","template":"","meta":{"spay_email":""},"product_cat":[686],"product_tag":[],"class_list":{"0":"post-5652","1":"product","2":"type-product","3":"status-publish","4":"has-post-thumbnail","6":"book_author-michel-serres","7":"product_cat-fisica-estudios-y-ensayos","8":"entry"},"_links":{"self":[{"href":"https:\/\/tavapy.gov.py\/biblioteca\/wp-json\/wp\/v2\/product\/5652","targetHints":{"allow":["GET"]}}],"collection":[{"href":"https:\/\/tavapy.gov.py\/biblioteca\/wp-json\/wp\/v2\/product"}],"about":[{"href":"https:\/\/tavapy.gov.py\/biblioteca\/wp-json\/wp\/v2\/types\/product"}],"replies":[{"embeddable":true,"href":"https:\/\/tavapy.gov.py\/biblioteca\/wp-json\/wp\/v2\/comments?post=5652"}],"wp:featuredmedia":[{"embeddable":true,"href":"https:\/\/tavapy.gov.py\/biblioteca\/wp-json\/wp\/v2\/media\/5595"}],"wp:attachment":[{"href":"https:\/\/tavapy.gov.py\/biblioteca\/wp-json\/wp\/v2\/media?parent=5652"}],"wp:term":[{"taxonomy":"product_cat","embeddable":true,"href":"https:\/\/tavapy.gov.py\/biblioteca\/wp-json\/wp\/v2\/product_cat?post=5652"},{"taxonomy":"product_tag","embeddable":true,"href":"https:\/\/tavapy.gov.py\/biblioteca\/wp-json\/wp\/v2\/product_tag?post=5652"}],"curies":[{"name":"wp","href":"https:\/\/api.w.org\/{rel}","templated":true}]}}