{"id":5654,"date":"2023-01-07T23:53:03","date_gmt":"2023-01-07T23:53:03","guid":{"rendered":"https:\/\/tavapy.gov.py\/biblioteca\/?post_type=product&#038;p=5654"},"modified":"2023-01-07T23:53:04","modified_gmt":"2023-01-07T23:53:04","slug":"pulgarcita","status":"publish","type":"product","link":"https:\/\/tavapy.gov.py\/biblioteca\/product\/pulgarcita\/","title":{"rendered":"PULGARCITA."},"content":{"rendered":"","protected":false},"excerpt":{"rendered":"<p>El mundo ha cambiado tanto que los j\u00f3venes tienen que reinventar la rueda. Para Michel Serres, nace un nuevo ser humano, \u00e9l lo bautiza como Pulgarcita, sobre todo por su capacidad para enviar mensajes con el pulgar. Su obra fue publicada en el 2.012.<\/p>\n<p>Las sociedades occidentales han experimentado dos revoluciones: la transici\u00f3n de lo oral a lo escrito, y el paso de escribir en una pizarra a escribir en libros. Ahora vivimos la tercera revoluci\u00f3n: la transici\u00f3n a las nuevas tecnolog\u00edas. No hay progreso o desastre, ya sea bueno o malo, \u00e9sta es la realidad y tenemos que lidiar con eso. La generaci\u00f3n Pulgarcita tendr\u00e1 que reinventar una forma de vivir juntos, instituciones y formas de ser y conocer.<\/p>\n<p><a href=\"https:\/\/tavapy.gov.py\/biblioteca\/wp-content\/uploads\/2023\/01\/SerresM-Pulgarcita.pdf.pdf\" target=\"_blank\" rel=\"attachment noopener wp-att-5520\"><img loading=\"lazy\" decoding=\"async\" class=\"size-full wp-image-5520 alignleft\" src=\"https:\/\/tavapy.gov.py\/biblioteca\/wp-content\/uploads\/2023\/01\/icono-PDF-copia-2.png\" alt=\"\" width=\"121\" height=\"140\" \/><\/a><\/p>\n","protected":false},"featured_media":5598,"comment_status":"open","ping_status":"closed","template":"","meta":{"spay_email":""},"product_cat":[355],"product_tag":[],"class_list":{"0":"post-5654","1":"product","2":"type-product","3":"status-publish","4":"has-post-thumbnail","6":"book_author-michel-serres","7":"product_cat-filosofia-ensayo","8":"entry"},"_links":{"self":[{"href":"https:\/\/tavapy.gov.py\/biblioteca\/wp-json\/wp\/v2\/product\/5654","targetHints":{"allow":["GET"]}}],"collection":[{"href":"https:\/\/tavapy.gov.py\/biblioteca\/wp-json\/wp\/v2\/product"}],"about":[{"href":"https:\/\/tavapy.gov.py\/biblioteca\/wp-json\/wp\/v2\/types\/product"}],"replies":[{"embeddable":true,"href":"https:\/\/tavapy.gov.py\/biblioteca\/wp-json\/wp\/v2\/comments?post=5654"}],"wp:featuredmedia":[{"embeddable":true,"href":"https:\/\/tavapy.gov.py\/biblioteca\/wp-json\/wp\/v2\/media\/5598"}],"wp:attachment":[{"href":"https:\/\/tavapy.gov.py\/biblioteca\/wp-json\/wp\/v2\/media?parent=5654"}],"wp:term":[{"taxonomy":"product_cat","embeddable":true,"href":"https:\/\/tavapy.gov.py\/biblioteca\/wp-json\/wp\/v2\/product_cat?post=5654"},{"taxonomy":"product_tag","embeddable":true,"href":"https:\/\/tavapy.gov.py\/biblioteca\/wp-json\/wp\/v2\/product_tag?post=5654"}],"curies":[{"name":"wp","href":"https:\/\/api.w.org\/{rel}","templated":true}]}}