{"id":5655,"date":"2023-01-08T00:02:27","date_gmt":"2023-01-08T00:02:27","guid":{"rendered":"https:\/\/tavapy.gov.py\/biblioteca\/?post_type=product&#038;p=5655"},"modified":"2023-01-08T00:22:12","modified_gmt":"2023-01-08T00:22:12","slug":"variaciones-sobre-el-cuerpo","status":"publish","type":"product","link":"https:\/\/tavapy.gov.py\/biblioteca\/product\/variaciones-sobre-el-cuerpo\/","title":{"rendered":"VARIACIONES SOBRE EL CUERPO."},"content":{"rendered":"","protected":false},"excerpt":{"rendered":"<p>Obra publicada en 1.999 y escrita como elogio a los profesores de educaci\u00f3n f\u00edsica y a los entrenadores, a los gu\u00edas de alta monta\u00f1a, a los atletas, bailarines, mimos, clowns, artesanos y artistas, estas Variaciones describen las admirables metamorfosis que sus cuerpos pueden llevar a cabo. Los animales carecen de tal variedad de gestos, posturas y movimientos.<\/p>\n<p>El cuerpo humano, flexible hasta la fluidez, imita a voluntad a seres vivientes y cosas; y adem\u00e1s crea signos.<\/p>\n<p>El esp\u00edritu, presente en esas posiciones y metamorfosis, nace de esas variaciones. Los cinco sentidos no son la \u00fanica fuente del conocimiento: \u00e9ste emerge, en gran parte, de las imitaciones que hace posibles la plasticidad del cuerpo. En \u00e9l, con \u00e9l y por \u00e9l comienza el saber.<\/p>\n<p><a href=\"https:\/\/tavapy.gov.py\/biblioteca\/wp-content\/uploads\/2023\/01\/SerresM-Variaciones-sobre-el-cuerpo.pdf.pdf\" target=\"_blank\" rel=\"attachment noopener wp-att-5520\"><img loading=\"lazy\" decoding=\"async\" class=\"size-full wp-image-5520 alignleft\" src=\"https:\/\/tavapy.gov.py\/biblioteca\/wp-content\/uploads\/2023\/01\/icono-PDF-copia-2.png\" alt=\"\" width=\"121\" height=\"140\" \/><\/a><\/p>\n","protected":false},"featured_media":5600,"comment_status":"open","ping_status":"closed","template":"","meta":{"spay_email":""},"product_cat":[268],"product_tag":[],"class_list":{"0":"post-5655","1":"product","2":"type-product","3":"status-publish","4":"has-post-thumbnail","6":"book_author-michel-serres","7":"product_cat-filosofia-antropologia","8":"entry"},"_links":{"self":[{"href":"https:\/\/tavapy.gov.py\/biblioteca\/wp-json\/wp\/v2\/product\/5655","targetHints":{"allow":["GET"]}}],"collection":[{"href":"https:\/\/tavapy.gov.py\/biblioteca\/wp-json\/wp\/v2\/product"}],"about":[{"href":"https:\/\/tavapy.gov.py\/biblioteca\/wp-json\/wp\/v2\/types\/product"}],"replies":[{"embeddable":true,"href":"https:\/\/tavapy.gov.py\/biblioteca\/wp-json\/wp\/v2\/comments?post=5655"}],"wp:featuredmedia":[{"embeddable":true,"href":"https:\/\/tavapy.gov.py\/biblioteca\/wp-json\/wp\/v2\/media\/5600"}],"wp:attachment":[{"href":"https:\/\/tavapy.gov.py\/biblioteca\/wp-json\/wp\/v2\/media?parent=5655"}],"wp:term":[{"taxonomy":"product_cat","embeddable":true,"href":"https:\/\/tavapy.gov.py\/biblioteca\/wp-json\/wp\/v2\/product_cat?post=5655"},{"taxonomy":"product_tag","embeddable":true,"href":"https:\/\/tavapy.gov.py\/biblioteca\/wp-json\/wp\/v2\/product_tag?post=5655"}],"curies":[{"name":"wp","href":"https:\/\/api.w.org\/{rel}","templated":true}]}}