{"id":5656,"date":"2023-01-08T00:07:12","date_gmt":"2023-01-08T00:07:12","guid":{"rendered":"https:\/\/tavapy.gov.py\/biblioteca\/?post_type=product&#038;p=5656"},"modified":"2023-01-08T00:23:00","modified_gmt":"2023-01-08T00:23:00","slug":"liberacion-animal","status":"publish","type":"product","link":"https:\/\/tavapy.gov.py\/biblioteca\/product\/liberacion-animal\/","title":{"rendered":"LIBERACI\u00d3N ANIMAL."},"content":{"rendered":"","protected":false},"excerpt":{"rendered":"<p>Este libro desde su aparici\u00f3n en Estados Unidos en 1975 ha inspirado un movimiento mundial para la lucha por los derechos de los animales. A trav\u00e9s de argumentos radicales, a\u00fan nuevos para muchos, pero sobre todo rigurosos, sin caer en la tentaci\u00f3n de lo f\u00e1cil, de lo emocional o lo sentimental, el libro de Singer es la primera obra moderna que argumenta que el mismo principio \u00e9tico que fundamenta la igualdad entre los humanos exige tambi\u00e9n que la extendamos a los animales.<\/p>\n<p><a href=\"https:\/\/tavapy.gov.py\/biblioteca\/wp-content\/uploads\/2023\/01\/SingerP-Liberacion-Animal-1.pdf\" target=\"_blank\" rel=\"attachment noopener wp-att-5520\"><img loading=\"lazy\" decoding=\"async\" class=\"size-full wp-image-5520 alignleft\" src=\"https:\/\/tavapy.gov.py\/biblioteca\/wp-content\/uploads\/2023\/01\/icono-PDF-copia-2.png\" alt=\"\" width=\"121\" height=\"140\" \/><\/a><\/p>\n","protected":false},"featured_media":5602,"comment_status":"open","ping_status":"closed","template":"","meta":{"spay_email":""},"product_cat":[355],"product_tag":[],"class_list":{"0":"post-5656","1":"product","2":"type-product","3":"status-publish","4":"has-post-thumbnail","6":"book_author-peter-singer","7":"product_cat-filosofia-ensayo","8":"entry"},"_links":{"self":[{"href":"https:\/\/tavapy.gov.py\/biblioteca\/wp-json\/wp\/v2\/product\/5656","targetHints":{"allow":["GET"]}}],"collection":[{"href":"https:\/\/tavapy.gov.py\/biblioteca\/wp-json\/wp\/v2\/product"}],"about":[{"href":"https:\/\/tavapy.gov.py\/biblioteca\/wp-json\/wp\/v2\/types\/product"}],"replies":[{"embeddable":true,"href":"https:\/\/tavapy.gov.py\/biblioteca\/wp-json\/wp\/v2\/comments?post=5656"}],"wp:featuredmedia":[{"embeddable":true,"href":"https:\/\/tavapy.gov.py\/biblioteca\/wp-json\/wp\/v2\/media\/5602"}],"wp:attachment":[{"href":"https:\/\/tavapy.gov.py\/biblioteca\/wp-json\/wp\/v2\/media?parent=5656"}],"wp:term":[{"taxonomy":"product_cat","embeddable":true,"href":"https:\/\/tavapy.gov.py\/biblioteca\/wp-json\/wp\/v2\/product_cat?post=5656"},{"taxonomy":"product_tag","embeddable":true,"href":"https:\/\/tavapy.gov.py\/biblioteca\/wp-json\/wp\/v2\/product_tag?post=5656"}],"curies":[{"name":"wp","href":"https:\/\/api.w.org\/{rel}","templated":true}]}}