{"id":5657,"date":"2023-01-08T00:13:01","date_gmt":"2023-01-08T00:13:01","guid":{"rendered":"https:\/\/tavapy.gov.py\/biblioteca\/?post_type=product&#038;p=5657"},"modified":"2023-01-08T00:20:29","modified_gmt":"2023-01-08T00:20:29","slug":"una-izquierda-darwiniana","status":"publish","type":"product","link":"https:\/\/tavapy.gov.py\/biblioteca\/product\/una-izquierda-darwiniana\/","title":{"rendered":"UNA IZQUIERDA DARWINIANA."},"content":{"rendered":"","protected":false},"excerpt":{"rendered":"<p>En este breve libro publicado en 1.999, Peter Singer explora la posibilidad de conjugar dos teor\u00edas contempor\u00e1neas distanciadas: el marxismo y el evolucionismo, en lo que \u00e9l llama una izquierda darwiniana. La idea eje sobre la que Singer se afirma es la crisis de la izquierda tradicional como cuerpo de pensamiento pol\u00edtico \u2013 crisis evidente seg\u00fan el autor por la ca\u00edda del comunismo y el debilitamiento del sindicalismo- que explica en base a una radical incomprensi\u00f3n por parte del marxismo, de las motivaciones y tendencias que animan a los seres humanos.<\/p>\n<p>Desde este planteo, la izquierda entonces, necesita encontrar un nuevo paradigma, basado en una interpretaci\u00f3n actual de la naturaleza humana, necesita comprender y aceptar que somos seres producto de la evoluci\u00f3n. El punto de acercamiento con el evolucionismo actual estar\u00eda dado en el reconocimiento que \u00e9ste hace de la cooperaci\u00f3n entre los seres humanos como factor que tambi\u00e9n juega, junto con la competencia, un papel relevante en la supervivencia de la especie.<\/p>\n<p>Desde este lugar, Singer plantea que una izquierda darwiniana es posible y desarrolla cu\u00e1les ser\u00edan los compromisos te\u00f3ricos que la diferencian de la izquierda tradicional.<\/p>\n<p><a href=\"https:\/\/tavapy.gov.py\/biblioteca\/wp-content\/uploads\/2023\/01\/SingerP-Una-Izquierda-Darwiniana_Politica.pdf\" target=\"_blank\" rel=\"attachment noopener wp-att-5520\"><img loading=\"lazy\" decoding=\"async\" class=\"size-full wp-image-5520 alignleft\" src=\"https:\/\/tavapy.gov.py\/biblioteca\/wp-content\/uploads\/2023\/01\/icono-PDF-copia-2.png\" alt=\"\" width=\"121\" height=\"140\" \/><\/a><\/p>\n","protected":false},"featured_media":5604,"comment_status":"open","ping_status":"closed","template":"","meta":{"spay_email":""},"product_cat":[549],"product_tag":[],"class_list":{"0":"post-5657","1":"product","2":"type-product","3":"status-publish","4":"has-post-thumbnail","6":"book_author-peter-singer","7":"product_cat-ciencias-politicas-y-sociales","8":"entry"},"_links":{"self":[{"href":"https:\/\/tavapy.gov.py\/biblioteca\/wp-json\/wp\/v2\/product\/5657","targetHints":{"allow":["GET"]}}],"collection":[{"href":"https:\/\/tavapy.gov.py\/biblioteca\/wp-json\/wp\/v2\/product"}],"about":[{"href":"https:\/\/tavapy.gov.py\/biblioteca\/wp-json\/wp\/v2\/types\/product"}],"replies":[{"embeddable":true,"href":"https:\/\/tavapy.gov.py\/biblioteca\/wp-json\/wp\/v2\/comments?post=5657"}],"wp:featuredmedia":[{"embeddable":true,"href":"https:\/\/tavapy.gov.py\/biblioteca\/wp-json\/wp\/v2\/media\/5604"}],"wp:attachment":[{"href":"https:\/\/tavapy.gov.py\/biblioteca\/wp-json\/wp\/v2\/media?parent=5657"}],"wp:term":[{"taxonomy":"product_cat","embeddable":true,"href":"https:\/\/tavapy.gov.py\/biblioteca\/wp-json\/wp\/v2\/product_cat?post=5657"},{"taxonomy":"product_tag","embeddable":true,"href":"https:\/\/tavapy.gov.py\/biblioteca\/wp-json\/wp\/v2\/product_tag?post=5657"}],"curies":[{"name":"wp","href":"https:\/\/api.w.org\/{rel}","templated":true}]}}