{"id":5659,"date":"2023-01-08T00:37:22","date_gmt":"2023-01-08T00:37:22","guid":{"rendered":"https:\/\/tavapy.gov.py\/biblioteca\/?post_type=product&#038;p=5659"},"modified":"2023-01-08T00:37:22","modified_gmt":"2023-01-08T00:37:22","slug":"historia-del-cristianismo-i-el-mundo-antiguo","status":"publish","type":"product","link":"https:\/\/tavapy.gov.py\/biblioteca\/product\/historia-del-cristianismo-i-el-mundo-antiguo\/","title":{"rendered":"HISTORIA DEL CRISTIANISMO I: EL MUNDO ANTIGUO."},"content":{"rendered":"","protected":false},"excerpt":{"rendered":"<p>La presente \u00abHistoria del cristianismo\u00bb publicada en el 2.003, es un renovador y ambicioso proyecto que, en cuatro vol\u00famenes, reconstruye y documenta el devenir hist\u00f3rico del cristianismo, desde sus or\u00edgenes hasta el mundo contempor\u00e1neo. Se trata de una obra colectiva elaborada con una perspectiva ecum\u00e9nica por especialistas en diversas materias: te\u00f3logos, fil\u00f3sofos, historiadores y fil\u00f3logos.<\/p>\n<p>El volumen inaugural de esta Historia, consagrado al cristianismo en el mundo antiguo, exhibe muchas de estas caracter\u00edsticas. Sus autores abordan el primer cristianismo desde distintos \u00e1mbitos cient\u00edficos (la teolog\u00eda, el hebra\u00edsmo y, por supuesto, la historia antigua), privilegiando una perspectiva no confesional, y teniendo muy en cuenta tanto sus or\u00edgenes semitas como su s\u00f3lida implantaci\u00f3n en los pa\u00edses orientales, tan alejados en ocasiones de la cultura cl\u00e1sica grecorromana.<\/p>\n<p>Al enfocarse el fen\u00f3meno cristiano desde una \u00f3ptica multidisciplinar, adoptando una lectura hist\u00f3rica, se quiere no s\u00f3lo superar la visi\u00f3n apolog\u00e9tica del mismo, sino tambi\u00e9n poner de relieve su profunda incidencia en el entorno social.<\/p>\n<p><a href=\"https:\/\/tavapy.gov.py\/biblioteca\/wp-content\/uploads\/2023\/01\/SotomatorM-Coord-Historia-del-cristianismo.pdf.pdf\" target=\"_blank\" rel=\"attachment noopener wp-att-5520\"><img loading=\"lazy\" decoding=\"async\" class=\"size-full wp-image-5520 alignleft\" src=\"https:\/\/tavapy.gov.py\/biblioteca\/wp-content\/uploads\/2023\/01\/icono-PDF-copia-2.png\" alt=\"\" width=\"121\" height=\"140\" \/><\/a><\/p>\n","protected":false},"featured_media":5606,"comment_status":"open","ping_status":"closed","template":"","meta":{"spay_email":""},"product_cat":[445],"product_tag":[],"class_list":{"0":"post-5659","1":"product","2":"type-product","3":"status-publish","4":"has-post-thumbnail","6":"book_author-manuel-sotomayor","7":"product_cat-historia-cristianismo","8":"entry"},"_links":{"self":[{"href":"https:\/\/tavapy.gov.py\/biblioteca\/wp-json\/wp\/v2\/product\/5659","targetHints":{"allow":["GET"]}}],"collection":[{"href":"https:\/\/tavapy.gov.py\/biblioteca\/wp-json\/wp\/v2\/product"}],"about":[{"href":"https:\/\/tavapy.gov.py\/biblioteca\/wp-json\/wp\/v2\/types\/product"}],"replies":[{"embeddable":true,"href":"https:\/\/tavapy.gov.py\/biblioteca\/wp-json\/wp\/v2\/comments?post=5659"}],"wp:featuredmedia":[{"embeddable":true,"href":"https:\/\/tavapy.gov.py\/biblioteca\/wp-json\/wp\/v2\/media\/5606"}],"wp:attachment":[{"href":"https:\/\/tavapy.gov.py\/biblioteca\/wp-json\/wp\/v2\/media?parent=5659"}],"wp:term":[{"taxonomy":"product_cat","embeddable":true,"href":"https:\/\/tavapy.gov.py\/biblioteca\/wp-json\/wp\/v2\/product_cat?post=5659"},{"taxonomy":"product_tag","embeddable":true,"href":"https:\/\/tavapy.gov.py\/biblioteca\/wp-json\/wp\/v2\/product_tag?post=5659"}],"curies":[{"name":"wp","href":"https:\/\/api.w.org\/{rel}","templated":true}]}}