{"id":5660,"date":"2023-01-08T01:04:59","date_gmt":"2023-01-08T01:04:59","guid":{"rendered":"https:\/\/tavapy.gov.py\/biblioteca\/?post_type=product&#038;p=5660"},"modified":"2023-01-08T01:09:42","modified_gmt":"2023-01-08T01:09:42","slug":"los-maestros-de-la-sospecha","status":"publish","type":"product","link":"https:\/\/tavapy.gov.py\/biblioteca\/product\/los-maestros-de-la-sospecha\/","title":{"rendered":"LOS MAESTROS DE LA SOSPECHA."},"content":{"rendered":"","protected":false},"excerpt":{"rendered":"<p>Hay pensadores que adquieren la categor\u00eda de acontecimiento porque despu\u00e9s de ellos la manera de pensar se transforma radicalmente. Pensar la historia, Dios, el hombre o la libertad despu\u00e9s de los maestros de la sospecha es un ejercicio muy sugerente. Marx, Nietzsche y Freud hacen tambalearse los pilares de la civilizaci\u00f3n occidental: son los epicentros de un movimiento s\u00edsmico que transforma sustantivamente el orden de las cosas.<\/p>\n<p>Nada volver\u00e1 a ser pensado de la misma forma. Nadie queda impune tras pasar por los maestros de la sospecha. Marx, Nietzsche y Freud purifican la imagen de Dios y la vivencia religiosa. Sin quererlo, nos ayudan a practicar esta sospecha respecto a nuestras propias creencias y a vaciar la mente de estas divinidades antropom\u00f3rficas que tendemos a forjarnos.<\/p>\n<p>En esta obra publicada en el 2.007, Francesc Torralba expone con claridad y rigor la aportaci\u00f3n de cada uno de los autores estudiados (Marx, Nietzsche y Freud) a la cr\u00edtica de la religi\u00f3n y de la antropolog\u00eda heredadas.<\/p>\n<p><a href=\"https:\/\/tavapy.gov.py\/biblioteca\/wp-content\/uploads\/2023\/01\/TorralbaF-Los-Maestros-de-la-Sospecha.pdf\" target=\"_blank\" rel=\"attachment noopener wp-att-5520\"><img loading=\"lazy\" decoding=\"async\" class=\"size-full wp-image-5520 alignleft\" src=\"https:\/\/tavapy.gov.py\/biblioteca\/wp-content\/uploads\/2023\/01\/icono-PDF-copia-2.png\" alt=\"\" width=\"121\" height=\"140\" \/><\/a><\/p>\n","protected":false},"featured_media":5609,"comment_status":"open","ping_status":"closed","template":"","meta":{"spay_email":""},"product_cat":[59],"product_tag":[],"class_list":{"0":"post-5660","1":"product","2":"type-product","3":"status-publish","4":"has-post-thumbnail","6":"book_author-francesc-torralba","7":"product_cat-filosofia","8":"entry"},"_links":{"self":[{"href":"https:\/\/tavapy.gov.py\/biblioteca\/wp-json\/wp\/v2\/product\/5660","targetHints":{"allow":["GET"]}}],"collection":[{"href":"https:\/\/tavapy.gov.py\/biblioteca\/wp-json\/wp\/v2\/product"}],"about":[{"href":"https:\/\/tavapy.gov.py\/biblioteca\/wp-json\/wp\/v2\/types\/product"}],"replies":[{"embeddable":true,"href":"https:\/\/tavapy.gov.py\/biblioteca\/wp-json\/wp\/v2\/comments?post=5660"}],"wp:featuredmedia":[{"embeddable":true,"href":"https:\/\/tavapy.gov.py\/biblioteca\/wp-json\/wp\/v2\/media\/5609"}],"wp:attachment":[{"href":"https:\/\/tavapy.gov.py\/biblioteca\/wp-json\/wp\/v2\/media?parent=5660"}],"wp:term":[{"taxonomy":"product_cat","embeddable":true,"href":"https:\/\/tavapy.gov.py\/biblioteca\/wp-json\/wp\/v2\/product_cat?post=5660"},{"taxonomy":"product_tag","embeddable":true,"href":"https:\/\/tavapy.gov.py\/biblioteca\/wp-json\/wp\/v2\/product_tag?post=5660"}],"curies":[{"name":"wp","href":"https:\/\/api.w.org\/{rel}","templated":true}]}}