{"id":5667,"date":"2023-01-08T01:15:20","date_gmt":"2023-01-08T01:15:20","guid":{"rendered":"https:\/\/tavapy.gov.py\/biblioteca\/?post_type=product&#038;p=5667"},"modified":"2023-01-08T01:15:21","modified_gmt":"2023-01-08T01:15:21","slug":"la-habilidad-etica","status":"publish","type":"product","link":"https:\/\/tavapy.gov.py\/biblioteca\/product\/la-habilidad-etica\/","title":{"rendered":"LA HABILIDAD \u00c9TICA."},"content":{"rendered":"","protected":false},"excerpt":{"rendered":"<p>Este libro publicado en 1.994 aborda dos desafiantes problemas a los que se enfrentan hoy en d\u00eda la neurobiolog\u00eda y la ciencia cognitiva: c\u00f3mo realizamos acciones ordinarias de manera espont\u00e1nea como consecuencia de procesos neurol\u00f3gicos y cognitivos que no provienen del juicio consciente y c\u00f3mo elaborar una \u00e9tica adecuada partiendo de la actual idea de que no existe un yo estable o trascendental.<\/p>\n<p><a href=\"https:\/\/tavapy.gov.py\/biblioteca\/wp-content\/uploads\/2023\/01\/VarelaF-La-habilidad-etica.pdf\" target=\"_blank\" rel=\"attachment noopener wp-att-5520\"><img loading=\"lazy\" decoding=\"async\" class=\"size-full wp-image-5520 alignleft\" src=\"https:\/\/tavapy.gov.py\/biblioteca\/wp-content\/uploads\/2023\/01\/icono-PDF-copia-2.png\" alt=\"\" width=\"121\" height=\"140\" \/><\/a><\/p>\n","protected":false},"featured_media":5612,"comment_status":"open","ping_status":"closed","template":"","meta":{"spay_email":""},"product_cat":[691],"product_tag":[],"class_list":{"0":"post-5667","1":"product","2":"type-product","3":"status-publish","4":"has-post-thumbnail","6":"book_author-francisco-varela","7":"product_cat-filosofia-etica","8":"entry"},"_links":{"self":[{"href":"https:\/\/tavapy.gov.py\/biblioteca\/wp-json\/wp\/v2\/product\/5667","targetHints":{"allow":["GET"]}}],"collection":[{"href":"https:\/\/tavapy.gov.py\/biblioteca\/wp-json\/wp\/v2\/product"}],"about":[{"href":"https:\/\/tavapy.gov.py\/biblioteca\/wp-json\/wp\/v2\/types\/product"}],"replies":[{"embeddable":true,"href":"https:\/\/tavapy.gov.py\/biblioteca\/wp-json\/wp\/v2\/comments?post=5667"}],"wp:featuredmedia":[{"embeddable":true,"href":"https:\/\/tavapy.gov.py\/biblioteca\/wp-json\/wp\/v2\/media\/5612"}],"wp:attachment":[{"href":"https:\/\/tavapy.gov.py\/biblioteca\/wp-json\/wp\/v2\/media?parent=5667"}],"wp:term":[{"taxonomy":"product_cat","embeddable":true,"href":"https:\/\/tavapy.gov.py\/biblioteca\/wp-json\/wp\/v2\/product_cat?post=5667"},{"taxonomy":"product_tag","embeddable":true,"href":"https:\/\/tavapy.gov.py\/biblioteca\/wp-json\/wp\/v2\/product_tag?post=5667"}],"curies":[{"name":"wp","href":"https:\/\/api.w.org\/{rel}","templated":true}]}}