{"id":5672,"date":"2023-01-08T01:21:09","date_gmt":"2023-01-08T01:21:09","guid":{"rendered":"https:\/\/tavapy.gov.py\/biblioteca\/?post_type=product&#038;p=5672"},"modified":"2023-01-08T01:21:09","modified_gmt":"2023-01-08T01:21:09","slug":"la-civilizacion-del-espectaculo","status":"publish","type":"product","link":"https:\/\/tavapy.gov.py\/biblioteca\/product\/la-civilizacion-del-espectaculo\/","title":{"rendered":"LA CIVILIZACI\u00d3N DEL ESPECT\u00c1CULO."},"content":{"rendered":"","protected":false},"excerpt":{"rendered":"<p>La banalizaci\u00f3n de las artes y la literatura, el triunfo del periodismo amarillista y la frivolidad de la pol\u00edtica son s\u00edntomas de un mal mayor que aqueja a la sociedad contempor\u00e1nea: la idea temeraria de convertir en bien supremo nuestra natural propensi\u00f3n a divertirnos.<\/p>\n<p>En el pasado, la cultura fue una especie de conciencia que imped\u00eda dar la espalda a la realidad. Ahora, act\u00faa como mecanismo de distracci\u00f3n y entretenimiento. La figura del intelectual, que estructur\u00f3 todo el siglo XX, hoy ha desaparecido del debate p\u00fablico. Aunque algunos firmen manifiestos o participen en pol\u00e9micas, lo cierto es que su repercusi\u00f3n en la sociedad es m\u00ednima. Conscientes de la esta situaci\u00f3n, muchos han optado por el discreto silencio.<\/p>\n<p>Como buen esp\u00edritu inc\u00f3modo, Vargas Llosa nos entrega en esta obra publicada en el 2.012, una dur\u00edsima radiograf\u00eda de nuestro tiempo y nuestra cultura.<\/p>\n<p><a href=\"https:\/\/tavapy.gov.py\/biblioteca\/wp-content\/uploads\/2023\/01\/Vargas-Llosa-M-La-civilizacion-del-espectaculo.pdf.pdf\" target=\"_blank\" rel=\"attachment noopener wp-att-5520\"><img loading=\"lazy\" decoding=\"async\" class=\"size-full wp-image-5520 alignleft\" src=\"https:\/\/tavapy.gov.py\/biblioteca\/wp-content\/uploads\/2023\/01\/icono-PDF-copia-2.png\" alt=\"\" width=\"121\" height=\"140\" \/><\/a><\/p>\n","protected":false},"featured_media":5615,"comment_status":"open","ping_status":"closed","template":"","meta":{"spay_email":""},"product_cat":[549],"product_tag":[],"class_list":{"0":"post-5672","1":"product","2":"type-product","3":"status-publish","4":"has-post-thumbnail","6":"book_author-mario-vargas-llosa","7":"product_cat-ciencias-politicas-y-sociales","8":"entry"},"_links":{"self":[{"href":"https:\/\/tavapy.gov.py\/biblioteca\/wp-json\/wp\/v2\/product\/5672","targetHints":{"allow":["GET"]}}],"collection":[{"href":"https:\/\/tavapy.gov.py\/biblioteca\/wp-json\/wp\/v2\/product"}],"about":[{"href":"https:\/\/tavapy.gov.py\/biblioteca\/wp-json\/wp\/v2\/types\/product"}],"replies":[{"embeddable":true,"href":"https:\/\/tavapy.gov.py\/biblioteca\/wp-json\/wp\/v2\/comments?post=5672"}],"wp:featuredmedia":[{"embeddable":true,"href":"https:\/\/tavapy.gov.py\/biblioteca\/wp-json\/wp\/v2\/media\/5615"}],"wp:attachment":[{"href":"https:\/\/tavapy.gov.py\/biblioteca\/wp-json\/wp\/v2\/media?parent=5672"}],"wp:term":[{"taxonomy":"product_cat","embeddable":true,"href":"https:\/\/tavapy.gov.py\/biblioteca\/wp-json\/wp\/v2\/product_cat?post=5672"},{"taxonomy":"product_tag","embeddable":true,"href":"https:\/\/tavapy.gov.py\/biblioteca\/wp-json\/wp\/v2\/product_tag?post=5672"}],"curies":[{"name":"wp","href":"https:\/\/api.w.org\/{rel}","templated":true}]}}