{"id":5673,"date":"2023-01-08T03:53:33","date_gmt":"2023-01-08T03:53:33","guid":{"rendered":"https:\/\/tavapy.gov.py\/biblioteca\/?post_type=product&#038;p=5673"},"modified":"2023-01-08T03:53:33","modified_gmt":"2023-01-08T03:53:33","slug":"de-profundis","status":"publish","type":"product","link":"https:\/\/tavapy.gov.py\/biblioteca\/product\/de-profundis\/","title":{"rendered":"DE PROFUNDIS"},"content":{"rendered":"","protected":false},"excerpt":{"rendered":"<p>De profundis es el t\u00edtulo de una ep\u00edstola penitencial inspirada en el salmo 130, escrita por Oscar Wilde entre enero y marzo de 1897 y publicada por primera vez por su albacea literario Robert Baldwin Ross en 1905, cinco a\u00f1os despu\u00e9s de la muerte del poeta y dramaturgo irland\u00e9s.<\/p>\n<p>De profundis es una larga carta escrita por Oscar Wilde, desde lo m\u00e1s profundo de la c\u00e1rcel de Reading, a la persona que lo mand\u00f3 all\u00ed, al Lord Alfred Douglas. En estas l\u00edneas, encontramos a un escritor transformado por el dolor, a un Wilde m\u00e1s humano que intenta comprender y explicar su vida.<\/p>\n<p><a href=\"https:\/\/tavapy.gov.py\/biblioteca\/wp-content\/uploads\/2023\/01\/WildeO-De-profundis.pdf\" target=\"_blank\" rel=\"attachment noopener wp-att-5520\"><img loading=\"lazy\" decoding=\"async\" class=\"size-full wp-image-5520 alignleft\" src=\"https:\/\/tavapy.gov.py\/biblioteca\/wp-content\/uploads\/2023\/01\/icono-PDF-copia-2.png\" alt=\"\" width=\"121\" height=\"140\" \/><\/a><\/p>\n","protected":false},"featured_media":5617,"comment_status":"open","ping_status":"closed","template":"","meta":{"spay_email":""},"product_cat":[664],"product_tag":[],"class_list":{"0":"post-5673","1":"product","2":"type-product","3":"status-publish","4":"has-post-thumbnail","6":"book_author-oscar-wilde","7":"product_cat-narrativa-literaria","8":"entry"},"_links":{"self":[{"href":"https:\/\/tavapy.gov.py\/biblioteca\/wp-json\/wp\/v2\/product\/5673","targetHints":{"allow":["GET"]}}],"collection":[{"href":"https:\/\/tavapy.gov.py\/biblioteca\/wp-json\/wp\/v2\/product"}],"about":[{"href":"https:\/\/tavapy.gov.py\/biblioteca\/wp-json\/wp\/v2\/types\/product"}],"replies":[{"embeddable":true,"href":"https:\/\/tavapy.gov.py\/biblioteca\/wp-json\/wp\/v2\/comments?post=5673"}],"wp:featuredmedia":[{"embeddable":true,"href":"https:\/\/tavapy.gov.py\/biblioteca\/wp-json\/wp\/v2\/media\/5617"}],"wp:attachment":[{"href":"https:\/\/tavapy.gov.py\/biblioteca\/wp-json\/wp\/v2\/media?parent=5673"}],"wp:term":[{"taxonomy":"product_cat","embeddable":true,"href":"https:\/\/tavapy.gov.py\/biblioteca\/wp-json\/wp\/v2\/product_cat?post=5673"},{"taxonomy":"product_tag","embeddable":true,"href":"https:\/\/tavapy.gov.py\/biblioteca\/wp-json\/wp\/v2\/product_tag?post=5673"}],"curies":[{"name":"wp","href":"https:\/\/api.w.org\/{rel}","templated":true}]}}