{"id":5674,"date":"2023-01-08T04:01:05","date_gmt":"2023-01-08T04:01:05","guid":{"rendered":"https:\/\/tavapy.gov.py\/biblioteca\/?post_type=product&#038;p=5674"},"modified":"2023-01-08T04:01:06","modified_gmt":"2023-01-08T04:01:06","slug":"investigaciones-filosoficas","status":"publish","type":"product","link":"https:\/\/tavapy.gov.py\/biblioteca\/product\/investigaciones-filosoficas\/","title":{"rendered":"INVESTIGACIONES FILOS\u00d3FICAS."},"content":{"rendered":"","protected":false},"excerpt":{"rendered":"<p>Investigaciones filos\u00f3ficas es, junto al Tractatus logico-philosophicus, una de las dos obras principales del fil\u00f3sofo Ludwig Wittgenstein. En ella Wittgenstein discute numerosos problemas y rompecabezas de la sem\u00e1ntica, la l\u00f3gica, la filosof\u00eda de las matem\u00e1ticas y la filosof\u00eda de la mente.<\/p>\n<p>Enuncia el punto de vista de que las confusiones conceptuales que rodean al uso del lenguaje son la causa de la mayor\u00eda de los problemas filos\u00f3ficos. El libro publicado en 1.953 est\u00e1 reconocido como una de las obras filos\u00f3ficas m\u00e1s importantes del siglo XX y contin\u00faa ejerciendo influencia en fil\u00f3sofos contempor\u00e1neos, especialmente en el estudio de la mente y el lenguaje.<\/p>\n<p><a href=\"https:\/\/tavapy.gov.py\/biblioteca\/wp-content\/uploads\/2023\/01\/WittgensteinL-Investigaciones-filosoficas.pdf\" target=\"_blank\" rel=\"attachment noopener wp-att-5520\"><img loading=\"lazy\" decoding=\"async\" class=\"size-full wp-image-5520 alignleft\" src=\"https:\/\/tavapy.gov.py\/biblioteca\/wp-content\/uploads\/2023\/01\/icono-PDF-copia-2.png\" alt=\"\" width=\"121\" height=\"140\" \/><\/a><\/p>\n","protected":false},"featured_media":5619,"comment_status":"open","ping_status":"closed","template":"","meta":{"spay_email":""},"product_cat":[59],"product_tag":[],"class_list":{"0":"post-5674","1":"product","2":"type-product","3":"status-publish","4":"has-post-thumbnail","6":"book_author-ludwig-wittgenstein","7":"product_cat-filosofia","8":"entry"},"_links":{"self":[{"href":"https:\/\/tavapy.gov.py\/biblioteca\/wp-json\/wp\/v2\/product\/5674","targetHints":{"allow":["GET"]}}],"collection":[{"href":"https:\/\/tavapy.gov.py\/biblioteca\/wp-json\/wp\/v2\/product"}],"about":[{"href":"https:\/\/tavapy.gov.py\/biblioteca\/wp-json\/wp\/v2\/types\/product"}],"replies":[{"embeddable":true,"href":"https:\/\/tavapy.gov.py\/biblioteca\/wp-json\/wp\/v2\/comments?post=5674"}],"wp:featuredmedia":[{"embeddable":true,"href":"https:\/\/tavapy.gov.py\/biblioteca\/wp-json\/wp\/v2\/media\/5619"}],"wp:attachment":[{"href":"https:\/\/tavapy.gov.py\/biblioteca\/wp-json\/wp\/v2\/media?parent=5674"}],"wp:term":[{"taxonomy":"product_cat","embeddable":true,"href":"https:\/\/tavapy.gov.py\/biblioteca\/wp-json\/wp\/v2\/product_cat?post=5674"},{"taxonomy":"product_tag","embeddable":true,"href":"https:\/\/tavapy.gov.py\/biblioteca\/wp-json\/wp\/v2\/product_tag?post=5674"}],"curies":[{"name":"wp","href":"https:\/\/api.w.org\/{rel}","templated":true}]}}