{"id":5675,"date":"2023-01-08T04:05:58","date_gmt":"2023-01-08T04:05:58","guid":{"rendered":"https:\/\/tavapy.gov.py\/biblioteca\/?post_type=product&#038;p=5675"},"modified":"2023-01-08T04:05:58","modified_gmt":"2023-01-08T04:05:58","slug":"germinal","status":"publish","type":"product","link":"https:\/\/tavapy.gov.py\/biblioteca\/product\/germinal\/","title":{"rendered":"GERMINAL."},"content":{"rendered":"","protected":false},"excerpt":{"rendered":"<p>Germinal, obra publicada en 1.88 es una novela con una dura y realista historia sobre una huelga de mineros en el norte de Francia en la d\u00e9cada de 1860.<\/p>\n<p>La historia se desarrolla en Francia, en un pueblo donde la vida gira en torno a las minas de carb\u00f3n, lugar de donde la mayor parte de las familias obtiene sustento; cada miembro de las familias que ah\u00ed trabajan se vuelve virtualmente esclavo de la mina, obteniendo salarios de miseria, desgast\u00e1ndose y corriendo el riesgo de no volver a casa en cada momento del d\u00eda.<\/p>\n<p>Hartos de esta situaci\u00f3n, habiendo incluido en su estilo de vida el hambre y la enfermedad, indispuestos a continuar con esta \u201cvida\u201d que al haber perdido ya toda esperanza hab\u00eda dejado de serlo, se organizan para iniciar una huelga, pidiendo un aumento que les permitiera por lo menos salir un poco del estado de hambre en el que viv\u00edan.<\/p>\n<p><a href=\"https:\/\/tavapy.gov.py\/biblioteca\/wp-content\/uploads\/2023\/01\/ZolaE-Germinal.pdf\" target=\"_blank\" rel=\"attachment noopener wp-att-5520\"><img loading=\"lazy\" decoding=\"async\" class=\"size-full wp-image-5520 alignleft\" src=\"https:\/\/tavapy.gov.py\/biblioteca\/wp-content\/uploads\/2023\/01\/icono-PDF-copia-2.png\" alt=\"\" width=\"121\" height=\"140\" \/><\/a><\/p>\n","protected":false},"featured_media":5622,"comment_status":"open","ping_status":"closed","template":"","meta":{"spay_email":""},"product_cat":[57],"product_tag":[],"class_list":{"0":"post-5675","1":"product","2":"type-product","3":"status-publish","4":"has-post-thumbnail","6":"book_author-emile-zola","7":"product_cat-novela","8":"entry"},"_links":{"self":[{"href":"https:\/\/tavapy.gov.py\/biblioteca\/wp-json\/wp\/v2\/product\/5675","targetHints":{"allow":["GET"]}}],"collection":[{"href":"https:\/\/tavapy.gov.py\/biblioteca\/wp-json\/wp\/v2\/product"}],"about":[{"href":"https:\/\/tavapy.gov.py\/biblioteca\/wp-json\/wp\/v2\/types\/product"}],"replies":[{"embeddable":true,"href":"https:\/\/tavapy.gov.py\/biblioteca\/wp-json\/wp\/v2\/comments?post=5675"}],"wp:featuredmedia":[{"embeddable":true,"href":"https:\/\/tavapy.gov.py\/biblioteca\/wp-json\/wp\/v2\/media\/5622"}],"wp:attachment":[{"href":"https:\/\/tavapy.gov.py\/biblioteca\/wp-json\/wp\/v2\/media?parent=5675"}],"wp:term":[{"taxonomy":"product_cat","embeddable":true,"href":"https:\/\/tavapy.gov.py\/biblioteca\/wp-json\/wp\/v2\/product_cat?post=5675"},{"taxonomy":"product_tag","embeddable":true,"href":"https:\/\/tavapy.gov.py\/biblioteca\/wp-json\/wp\/v2\/product_tag?post=5675"}],"curies":[{"name":"wp","href":"https:\/\/api.w.org\/{rel}","templated":true}]}}