{"id":5676,"date":"2023-01-08T04:10:15","date_gmt":"2023-01-08T04:10:15","guid":{"rendered":"https:\/\/tavapy.gov.py\/biblioteca\/?post_type=product&#038;p=5676"},"modified":"2023-01-08T04:10:16","modified_gmt":"2023-01-08T04:10:16","slug":"la-bestia-humana","status":"publish","type":"product","link":"https:\/\/tavapy.gov.py\/biblioteca\/product\/la-bestia-humana\/","title":{"rendered":"LA BESTIA HUMANA."},"content":{"rendered":"","protected":false},"excerpt":{"rendered":"<p>Jacques Lantier, solitario y mis\u00f3gino ingeniero de locomotoras, se enamora de S\u00e9v\u00e9rine, la mujer del jefe de estaci\u00f3n Roubaud. Este crudo relato de asesinato, pasi\u00f3n y posesi\u00f3n, es una novela publicada en 1.890. Zola desgrana un crudo retrato de la condici\u00f3n humana; un estudio compasivo de c\u00f3mo los individuos pueden llegar a descarrilar por fuerzas at\u00e1vicas m\u00e1s all\u00e1 de su control.<\/p>\n<p>La obra evoca poderosamente el final del Segundo Imperio en Francia, donde la sociedad parec\u00eda lanzarse hacia el futuro como las nuevas locomotoras y ferrocarriles que constru\u00eda. Zola nos recuerda que bajo la chapa del progreso tecnol\u00f3gico permanece siempre la bestia que llevamos dentro. La novela ha sido llevada al cine por directores de la talla de Jean Renoir o Fritz Lang.<\/p>\n<p><a href=\"https:\/\/tavapy.gov.py\/biblioteca\/wp-content\/uploads\/2023\/01\/ZolaE-La-bestia-humana.pdf\" target=\"_blank\" rel=\"attachment noopener wp-att-5520\"><img loading=\"lazy\" decoding=\"async\" class=\"size-full wp-image-5520 alignleft\" src=\"https:\/\/tavapy.gov.py\/biblioteca\/wp-content\/uploads\/2023\/01\/icono-PDF-copia-2.png\" alt=\"\" width=\"121\" height=\"140\" \/><\/a><\/p>\n","protected":false},"featured_media":5624,"comment_status":"open","ping_status":"closed","template":"","meta":{"spay_email":""},"product_cat":[57],"product_tag":[],"class_list":{"0":"post-5676","1":"product","2":"type-product","3":"status-publish","4":"has-post-thumbnail","6":"book_author-emile-zola","7":"product_cat-novela","8":"entry"},"_links":{"self":[{"href":"https:\/\/tavapy.gov.py\/biblioteca\/wp-json\/wp\/v2\/product\/5676","targetHints":{"allow":["GET"]}}],"collection":[{"href":"https:\/\/tavapy.gov.py\/biblioteca\/wp-json\/wp\/v2\/product"}],"about":[{"href":"https:\/\/tavapy.gov.py\/biblioteca\/wp-json\/wp\/v2\/types\/product"}],"replies":[{"embeddable":true,"href":"https:\/\/tavapy.gov.py\/biblioteca\/wp-json\/wp\/v2\/comments?post=5676"}],"wp:featuredmedia":[{"embeddable":true,"href":"https:\/\/tavapy.gov.py\/biblioteca\/wp-json\/wp\/v2\/media\/5624"}],"wp:attachment":[{"href":"https:\/\/tavapy.gov.py\/biblioteca\/wp-json\/wp\/v2\/media?parent=5676"}],"wp:term":[{"taxonomy":"product_cat","embeddable":true,"href":"https:\/\/tavapy.gov.py\/biblioteca\/wp-json\/wp\/v2\/product_cat?post=5676"},{"taxonomy":"product_tag","embeddable":true,"href":"https:\/\/tavapy.gov.py\/biblioteca\/wp-json\/wp\/v2\/product_tag?post=5676"}],"curies":[{"name":"wp","href":"https:\/\/api.w.org\/{rel}","templated":true}]}}