{"id":5677,"date":"2023-01-08T04:14:39","date_gmt":"2023-01-08T04:14:39","guid":{"rendered":"https:\/\/tavapy.gov.py\/biblioteca\/?post_type=product&#038;p=5677"},"modified":"2023-01-08T04:14:41","modified_gmt":"2023-01-08T04:14:41","slug":"naturaleza-historia-dios","status":"publish","type":"product","link":"https:\/\/tavapy.gov.py\/biblioteca\/product\/naturaleza-historia-dios\/","title":{"rendered":"NATURALEZA, HISTORIA, DIOS."},"content":{"rendered":"","protected":false},"excerpt":{"rendered":"<p>Naturaleza, Historia, Dios, obra publicada en 1.944 es un cl\u00e1sico en la literatura filos\u00f3fica espa\u00f1ola del siglo XX. Es, adem\u00e1s, un libro fundamental en la producci\u00f3n escrita de su autor, Xavier Zubiri. La feliz confluencia que en \u00e9l se produce de tres grandes creaciones intelectuales, la filosof\u00eda griega, la ciencia moderna y la tradici\u00f3n fenomenol\u00f3gica, da como resultado un pensamiento rico y \u00e1gil, tan enraizado en la tradici\u00f3n como rigurosamente innovador.<\/p>\n<p>A lo largo de las p\u00e1ginas de este libro se replantean, como su t\u00edtulo indica, algunos de los conceptos m\u00e1s importantes de la filosof\u00eda, como los de naturaleza, historia y Dios. Trabajando con ellos formula Zubiri por vez primera sus tesis b\u00e1sicas sobre la realidad, la inteligencia y la religaci\u00f3n, que despu\u00e9s ser\u00edan desarrolladas de modo extenso en Sobre la esencia, Inteligencia sentiente y El hombre y Dios.<\/p>\n<p><a href=\"https:\/\/tavapy.gov.py\/biblioteca\/wp-content\/uploads\/2023\/01\/ZubiriX-Naturaleza-historia-Dios.pdf\" target=\"_blank\" rel=\"attachment noopener wp-att-5520\"><img loading=\"lazy\" decoding=\"async\" class=\"size-full wp-image-5520 alignleft\" src=\"https:\/\/tavapy.gov.py\/biblioteca\/wp-content\/uploads\/2023\/01\/icono-PDF-copia-2.png\" alt=\"\" width=\"121\" height=\"140\" \/><\/a><\/p>\n","protected":false},"featured_media":5626,"comment_status":"open","ping_status":"closed","template":"","meta":{"spay_email":""},"product_cat":[355],"product_tag":[],"class_list":{"0":"post-5677","1":"product","2":"type-product","3":"status-publish","4":"has-post-thumbnail","6":"book_author-xavier-zubiri","7":"product_cat-filosofia-ensayo","8":"entry"},"_links":{"self":[{"href":"https:\/\/tavapy.gov.py\/biblioteca\/wp-json\/wp\/v2\/product\/5677","targetHints":{"allow":["GET"]}}],"collection":[{"href":"https:\/\/tavapy.gov.py\/biblioteca\/wp-json\/wp\/v2\/product"}],"about":[{"href":"https:\/\/tavapy.gov.py\/biblioteca\/wp-json\/wp\/v2\/types\/product"}],"replies":[{"embeddable":true,"href":"https:\/\/tavapy.gov.py\/biblioteca\/wp-json\/wp\/v2\/comments?post=5677"}],"wp:featuredmedia":[{"embeddable":true,"href":"https:\/\/tavapy.gov.py\/biblioteca\/wp-json\/wp\/v2\/media\/5626"}],"wp:attachment":[{"href":"https:\/\/tavapy.gov.py\/biblioteca\/wp-json\/wp\/v2\/media?parent=5677"}],"wp:term":[{"taxonomy":"product_cat","embeddable":true,"href":"https:\/\/tavapy.gov.py\/biblioteca\/wp-json\/wp\/v2\/product_cat?post=5677"},{"taxonomy":"product_tag","embeddable":true,"href":"https:\/\/tavapy.gov.py\/biblioteca\/wp-json\/wp\/v2\/product_tag?post=5677"}],"curies":[{"name":"wp","href":"https:\/\/api.w.org\/{rel}","templated":true}]}}