{"id":5681,"date":"2023-01-08T04:33:02","date_gmt":"2023-01-08T04:33:02","guid":{"rendered":"https:\/\/tavapy.gov.py\/biblioteca\/?post_type=product&#038;p=5681"},"modified":"2023-01-08T04:33:02","modified_gmt":"2023-01-08T04:33:02","slug":"hijo-de-dios","status":"publish","type":"product","link":"https:\/\/tavapy.gov.py\/biblioteca\/product\/hijo-de-dios\/","title":{"rendered":"HIJO DE DIOS."},"content":{"rendered":"","protected":false},"excerpt":{"rendered":"<p>Esta obra publicada en 1.973 se sit\u00faa en el monta\u00f1oso condado de Sevier, en Tennessee, Estados Unidos de Am\u00e9rica, Hijo de Dios cuenta la historia de Lester Ballard, un hombre violento y desahuciado que el narrador describe como \u00abun hijo de Dios m\u00e1s o menos como t\u00fa\u00bb.<\/p>\n<p>La vida de Ballard es un desastroso intento de existir al margen del orden social. Sucesivamente privado de hogar y familiares y con muy pocas otras ataduras, Ballard desciende literal y figuradamente al nivel de un cavern\u00edcola cuando se hunde en el crimen y la degradaci\u00f3n.<\/p>\n<p><a href=\"https:\/\/tavapy.gov.py\/biblioteca\/wp-content\/uploads\/2023\/01\/McCarthyC-Hijo-de-Dios.pdf\" target=\"_blank\" rel=\"attachment noopener wp-att-5520\"><img loading=\"lazy\" decoding=\"async\" class=\"size-full wp-image-5520 alignleft\" src=\"https:\/\/tavapy.gov.py\/biblioteca\/wp-content\/uploads\/2023\/01\/icono-PDF-copia-2.png\" alt=\"\" width=\"121\" height=\"140\" \/><\/a><\/p>\n","protected":false},"featured_media":5634,"comment_status":"open","ping_status":"closed","template":"","meta":{"spay_email":""},"product_cat":[57],"product_tag":[],"class_list":{"0":"post-5681","1":"product","2":"type-product","3":"status-publish","4":"has-post-thumbnail","6":"book_author-cormac-mccarthy","7":"product_cat-novela","8":"entry"},"_links":{"self":[{"href":"https:\/\/tavapy.gov.py\/biblioteca\/wp-json\/wp\/v2\/product\/5681","targetHints":{"allow":["GET"]}}],"collection":[{"href":"https:\/\/tavapy.gov.py\/biblioteca\/wp-json\/wp\/v2\/product"}],"about":[{"href":"https:\/\/tavapy.gov.py\/biblioteca\/wp-json\/wp\/v2\/types\/product"}],"replies":[{"embeddable":true,"href":"https:\/\/tavapy.gov.py\/biblioteca\/wp-json\/wp\/v2\/comments?post=5681"}],"wp:featuredmedia":[{"embeddable":true,"href":"https:\/\/tavapy.gov.py\/biblioteca\/wp-json\/wp\/v2\/media\/5634"}],"wp:attachment":[{"href":"https:\/\/tavapy.gov.py\/biblioteca\/wp-json\/wp\/v2\/media?parent=5681"}],"wp:term":[{"taxonomy":"product_cat","embeddable":true,"href":"https:\/\/tavapy.gov.py\/biblioteca\/wp-json\/wp\/v2\/product_cat?post=5681"},{"taxonomy":"product_tag","embeddable":true,"href":"https:\/\/tavapy.gov.py\/biblioteca\/wp-json\/wp\/v2\/product_tag?post=5681"}],"curies":[{"name":"wp","href":"https:\/\/api.w.org\/{rel}","templated":true}]}}