{"id":5682,"date":"2023-01-08T04:36:47","date_gmt":"2023-01-08T04:36:47","guid":{"rendered":"https:\/\/tavapy.gov.py\/biblioteca\/?post_type=product&#038;p=5682"},"modified":"2023-01-08T04:36:47","modified_gmt":"2023-01-08T04:36:47","slug":"la-logica-de-los-monstruos","status":"publish","type":"product","link":"https:\/\/tavapy.gov.py\/biblioteca\/product\/la-logica-de-los-monstruos\/","title":{"rendered":"LA L\u00d3GICA DE LOS MONSTRUOS."},"content":{"rendered":"","protected":false},"excerpt":{"rendered":"<p>Se dir\u00eda que la mente humana carece de l\u00edmites a la hora de imaginar monstruos y formas de vida que se apartan de la norma: seres fabulosos como sirenas, c\u00edclopes y toda clase de alien\u00edgenas pueblan las historias de ficci\u00f3n. La naturaleza tampoco se queda corta a la hora de desafiar las fronteras de lo posible: hay animales que parecen plantas, organismos que se coordinan para crear superindividuos o calamares gigantescos que pululan en el fondo de los oc\u00e9anos.<\/p>\n<p>Este libro publicado en el 2.016 explora la atracci\u00f3n que los seres humanos sentimos por lo extra\u00f1o al tiempo que analiza por qu\u00e9 la evoluci\u00f3n prefiere ciertas formas, pautas y estructuras y no otras.<\/p>\n<p><a href=\"https:\/\/tavapy.gov.py\/biblioteca\/wp-content\/uploads\/2023\/01\/Sole-R-La-logica-de-los-monstruos.pdf\" target=\"_blank\" rel=\"attachment noopener wp-att-5520\"><img loading=\"lazy\" decoding=\"async\" class=\"size-full wp-image-5520 alignleft\" src=\"https:\/\/tavapy.gov.py\/biblioteca\/wp-content\/uploads\/2023\/01\/icono-PDF-copia-2.png\" alt=\"\" width=\"121\" height=\"140\" \/><\/a><\/p>\n","protected":false},"featured_media":5636,"comment_status":"open","ping_status":"closed","template":"","meta":{"spay_email":""},"product_cat":[513],"product_tag":[],"class_list":{"0":"post-5682","1":"product","2":"type-product","3":"status-publish","4":"has-post-thumbnail","6":"book_author-ricard-sole","7":"product_cat-biologia-evolucion","8":"entry"},"_links":{"self":[{"href":"https:\/\/tavapy.gov.py\/biblioteca\/wp-json\/wp\/v2\/product\/5682","targetHints":{"allow":["GET"]}}],"collection":[{"href":"https:\/\/tavapy.gov.py\/biblioteca\/wp-json\/wp\/v2\/product"}],"about":[{"href":"https:\/\/tavapy.gov.py\/biblioteca\/wp-json\/wp\/v2\/types\/product"}],"replies":[{"embeddable":true,"href":"https:\/\/tavapy.gov.py\/biblioteca\/wp-json\/wp\/v2\/comments?post=5682"}],"wp:featuredmedia":[{"embeddable":true,"href":"https:\/\/tavapy.gov.py\/biblioteca\/wp-json\/wp\/v2\/media\/5636"}],"wp:attachment":[{"href":"https:\/\/tavapy.gov.py\/biblioteca\/wp-json\/wp\/v2\/media?parent=5682"}],"wp:term":[{"taxonomy":"product_cat","embeddable":true,"href":"https:\/\/tavapy.gov.py\/biblioteca\/wp-json\/wp\/v2\/product_cat?post=5682"},{"taxonomy":"product_tag","embeddable":true,"href":"https:\/\/tavapy.gov.py\/biblioteca\/wp-json\/wp\/v2\/product_tag?post=5682"}],"curies":[{"name":"wp","href":"https:\/\/api.w.org\/{rel}","templated":true}]}}