{"id":5784,"date":"2023-01-10T20:34:51","date_gmt":"2023-01-10T20:34:51","guid":{"rendered":"https:\/\/tavapy.gov.py\/biblioteca\/?post_type=product&#038;p=5784"},"modified":"2023-01-10T20:34:52","modified_gmt":"2023-01-10T20:34:52","slug":"diarios-de-motocicleta","status":"publish","type":"product","link":"https:\/\/tavapy.gov.py\/biblioteca\/product\/diarios-de-motocicleta\/","title":{"rendered":"DIARIOS DE MOTOCICLETA."},"content":{"rendered":"","protected":false},"excerpt":{"rendered":"<p>Este es un libro de viajes fuera de lo com\u00fan publicado en 1.992. Dos alegres argentinos recorren Latinoam\u00e9rica y cuentan, con la frescura de los veinte a\u00f1os, su encuentro con el paisaje y con el paisanaje: Uno de ellos es Ernesto Che Guevara, el que a\u00f1os despu\u00e9s por la misma ruta de Bol\u00edvar, ser\u00e1 gu\u00eda para la juventud de todo el mundo en el camino de la revoluci\u00f3n.<\/p>\n<p>En el relato, ameno y conmovedor, despunta ya la sensibilidad y el temple que caracterizar\u00e1 al futuro revolucionario. Un bello libro de viajes para viajar a la juventud del Che.<\/p>\n<p><a href=\"https:\/\/tavapy.gov.py\/biblioteca\/wp-content\/uploads\/2023\/01\/GuevaraChe-Diarios-de-motocicleta-1.pdf\" target=\"_blank\" rel=\"noopener\"><img loading=\"lazy\" decoding=\"async\" class=\"size-full wp-image-5785 alignleft\" src=\"https:\/\/tavapy.gov.py\/biblioteca\/wp-content\/uploads\/2023\/01\/icono-PDF-copia-2-1.png\" alt=\"\" width=\"121\" height=\"140\" \/><\/a><\/p>\n","protected":false},"featured_media":5783,"comment_status":"open","ping_status":"closed","template":"","meta":{"spay_email":""},"product_cat":[214],"product_tag":[],"class_list":{"0":"post-5784","1":"product","2":"type-product","3":"status-publish","4":"has-post-thumbnail","6":"book_author-ernesto-guevara","7":"product_cat-autobiografia-memorias","8":"entry"},"_links":{"self":[{"href":"https:\/\/tavapy.gov.py\/biblioteca\/wp-json\/wp\/v2\/product\/5784","targetHints":{"allow":["GET"]}}],"collection":[{"href":"https:\/\/tavapy.gov.py\/biblioteca\/wp-json\/wp\/v2\/product"}],"about":[{"href":"https:\/\/tavapy.gov.py\/biblioteca\/wp-json\/wp\/v2\/types\/product"}],"replies":[{"embeddable":true,"href":"https:\/\/tavapy.gov.py\/biblioteca\/wp-json\/wp\/v2\/comments?post=5784"}],"wp:featuredmedia":[{"embeddable":true,"href":"https:\/\/tavapy.gov.py\/biblioteca\/wp-json\/wp\/v2\/media\/5783"}],"wp:attachment":[{"href":"https:\/\/tavapy.gov.py\/biblioteca\/wp-json\/wp\/v2\/media?parent=5784"}],"wp:term":[{"taxonomy":"product_cat","embeddable":true,"href":"https:\/\/tavapy.gov.py\/biblioteca\/wp-json\/wp\/v2\/product_cat?post=5784"},{"taxonomy":"product_tag","embeddable":true,"href":"https:\/\/tavapy.gov.py\/biblioteca\/wp-json\/wp\/v2\/product_tag?post=5784"}],"curies":[{"name":"wp","href":"https:\/\/api.w.org\/{rel}","templated":true}]}}