{"id":5786,"date":"2023-01-10T20:43:52","date_gmt":"2023-01-10T20:43:52","guid":{"rendered":"https:\/\/tavapy.gov.py\/biblioteca\/?post_type=product&#038;p=5786"},"modified":"2023-01-10T20:43:52","modified_gmt":"2023-01-10T20:43:52","slug":"contra-el-fanatismo-religioso","status":"publish","type":"product","link":"https:\/\/tavapy.gov.py\/biblioteca\/product\/contra-el-fanatismo-religioso\/","title":{"rendered":"CONTRA EL FANATISMO RELIGIOSO."},"content":{"rendered":"","protected":false},"excerpt":{"rendered":"<p>Este libro condensa los argumentos clave contra la intolerancia que Voltaire elabor\u00f3 en su Tratado sobre la tolerancia con motivo del caso Calas. Las razones y conclusiones de Voltaire eran tan v\u00e1lidas entonces como lo son hoy, y la pertinencia de este texto resulta inquietante.<\/p>\n<p>A lo largo de la historia, algunos libros han cambiado el mundo. Han transformado la manera en que nos vemos a nosotros mismos y a los dem\u00e1s. Han inspirado el debate, la discordia, la guerra y la revoluci\u00f3n. Han iluminado, indignado, provocado y consolado. Han enriquecido vidas, y tambi\u00e9n las han destruido. Taurus publica las obras de los grandes pensadores, pioneros, radicales y visionarios cuyas ideas sacudieron la civilizaci\u00f3n y nos impulsaron a ser quienes somos.<\/p>\n<p><a href=\"https:\/\/tavapy.gov.py\/biblioteca\/wp-content\/uploads\/2023\/01\/Voltaire-Contra-el-fanatismo-religioso.pdf\" target=\"_blank\" rel=\"attachment noopener wp-att-5785\"><img loading=\"lazy\" decoding=\"async\" class=\"size-full wp-image-5785 alignleft\" src=\"https:\/\/tavapy.gov.py\/biblioteca\/wp-content\/uploads\/2023\/01\/icono-PDF-copia-2-1.png\" alt=\"\" width=\"121\" height=\"140\" \/><\/a><\/p>\n","protected":false},"featured_media":5777,"comment_status":"open","ping_status":"closed","template":"","meta":{"spay_email":""},"product_cat":[355],"product_tag":[],"class_list":{"0":"post-5786","1":"product","2":"type-product","3":"status-publish","4":"has-post-thumbnail","6":"book_author-voltaire","7":"product_cat-filosofia-ensayo","8":"entry"},"_links":{"self":[{"href":"https:\/\/tavapy.gov.py\/biblioteca\/wp-json\/wp\/v2\/product\/5786","targetHints":{"allow":["GET"]}}],"collection":[{"href":"https:\/\/tavapy.gov.py\/biblioteca\/wp-json\/wp\/v2\/product"}],"about":[{"href":"https:\/\/tavapy.gov.py\/biblioteca\/wp-json\/wp\/v2\/types\/product"}],"replies":[{"embeddable":true,"href":"https:\/\/tavapy.gov.py\/biblioteca\/wp-json\/wp\/v2\/comments?post=5786"}],"wp:featuredmedia":[{"embeddable":true,"href":"https:\/\/tavapy.gov.py\/biblioteca\/wp-json\/wp\/v2\/media\/5777"}],"wp:attachment":[{"href":"https:\/\/tavapy.gov.py\/biblioteca\/wp-json\/wp\/v2\/media?parent=5786"}],"wp:term":[{"taxonomy":"product_cat","embeddable":true,"href":"https:\/\/tavapy.gov.py\/biblioteca\/wp-json\/wp\/v2\/product_cat?post=5786"},{"taxonomy":"product_tag","embeddable":true,"href":"https:\/\/tavapy.gov.py\/biblioteca\/wp-json\/wp\/v2\/product_tag?post=5786"}],"curies":[{"name":"wp","href":"https:\/\/api.w.org\/{rel}","templated":true}]}}