{"id":5787,"date":"2023-01-10T20:56:30","date_gmt":"2023-01-10T20:56:30","guid":{"rendered":"https:\/\/tavapy.gov.py\/biblioteca\/?post_type=product&#038;p=5787"},"modified":"2023-01-10T20:56:30","modified_gmt":"2023-01-10T20:56:30","slug":"del-deber-de-la-desobediencia-civil","status":"publish","type":"product","link":"https:\/\/tavapy.gov.py\/biblioteca\/product\/del-deber-de-la-desobediencia-civil\/","title":{"rendered":"DEL DEBER DE LA DESOBEDIENCIA CIVIL."},"content":{"rendered":"","protected":false},"excerpt":{"rendered":"<p>Del deber de la desobediencia civil es el t\u00edtulo de una conferencia escrita por Henry David Thoreau que se public\u00f3 en 1849. En este escrito Thoreau explica los principios b\u00e1sicos de la desobediencia civil que \u00e9l mismo puso en pr\u00e1ctica: en el verano de 1846 se neg\u00f3 a pagar sus impuestos por lo que fue detenido y encerrado en la prisi\u00f3n de Concord.<\/p>\n<p>\u00c9l se justific\u00f3 explicando que se negaba a colaborar con un Estado que manten\u00eda el r\u00e9gimen de esclavitud y emprend\u00eda guerras injustificadas, en aquel caso concreto contra M\u00e9xico.<\/p>\n<p>La obra critica la autoridad del Estado. Su repercusi\u00f3n fue muy grande, llegando a ser el libro de cabecera de Gandhi en su campa\u00f1a de resistencia contra la ocupaci\u00f3n brit\u00e1nica de la India. Tambi\u00e9n influy\u00f3 en Martin Luther King y en su lucha no violenta en defensa de la no discriminaci\u00f3n de la poblaci\u00f3n negra en EE. UU.<\/p>\n<p>Ha promovido y sigue inspirando movimientos como la objeci\u00f3n fiscal, la objeci\u00f3n de conciencia contra el militarismo o violencias m\u00e1s o menos solapadas, movimientos ciudadanos y luchas ante lo que determinado grupo o persona considera abusivo.<\/p>\n<p><a href=\"https:\/\/tavapy.gov.py\/biblioteca\/wp-content\/uploads\/2023\/01\/ThoureauH-Del-Deber-de-la-Desobediencia-Civil.pdf\" target=\"_blank\" rel=\"attachment noopener wp-att-5785\"><img loading=\"lazy\" decoding=\"async\" class=\"size-full wp-image-5785 alignleft\" src=\"https:\/\/tavapy.gov.py\/biblioteca\/wp-content\/uploads\/2023\/01\/icono-PDF-copia-2-1.png\" alt=\"\" width=\"121\" height=\"140\" \/><\/a><\/p>\n","protected":false},"featured_media":5774,"comment_status":"open","ping_status":"closed","template":"","meta":{"spay_email":""},"product_cat":[355],"product_tag":[],"class_list":{"0":"post-5787","1":"product","2":"type-product","3":"status-publish","4":"has-post-thumbnail","6":"book_author-henry-david-thoreau","7":"product_cat-filosofia-ensayo","8":"entry"},"_links":{"self":[{"href":"https:\/\/tavapy.gov.py\/biblioteca\/wp-json\/wp\/v2\/product\/5787","targetHints":{"allow":["GET"]}}],"collection":[{"href":"https:\/\/tavapy.gov.py\/biblioteca\/wp-json\/wp\/v2\/product"}],"about":[{"href":"https:\/\/tavapy.gov.py\/biblioteca\/wp-json\/wp\/v2\/types\/product"}],"replies":[{"embeddable":true,"href":"https:\/\/tavapy.gov.py\/biblioteca\/wp-json\/wp\/v2\/comments?post=5787"}],"wp:featuredmedia":[{"embeddable":true,"href":"https:\/\/tavapy.gov.py\/biblioteca\/wp-json\/wp\/v2\/media\/5774"}],"wp:attachment":[{"href":"https:\/\/tavapy.gov.py\/biblioteca\/wp-json\/wp\/v2\/media?parent=5787"}],"wp:term":[{"taxonomy":"product_cat","embeddable":true,"href":"https:\/\/tavapy.gov.py\/biblioteca\/wp-json\/wp\/v2\/product_cat?post=5787"},{"taxonomy":"product_tag","embeddable":true,"href":"https:\/\/tavapy.gov.py\/biblioteca\/wp-json\/wp\/v2\/product_tag?post=5787"}],"curies":[{"name":"wp","href":"https:\/\/api.w.org\/{rel}","templated":true}]}}