{"id":5788,"date":"2023-01-10T21:05:45","date_gmt":"2023-01-10T21:05:45","guid":{"rendered":"https:\/\/tavapy.gov.py\/biblioteca\/?post_type=product&#038;p=5788"},"modified":"2023-01-10T21:05:46","modified_gmt":"2023-01-10T21:05:46","slug":"la-filosofia-de-la-libertad","status":"publish","type":"product","link":"https:\/\/tavapy.gov.py\/biblioteca\/product\/la-filosofia-de-la-libertad\/","title":{"rendered":"LA FILOSOF\u00cdA DE LA LIBERTAD."},"content":{"rendered":"","protected":false},"excerpt":{"rendered":"<p>La filosof\u00eda de libertad de 1.894 es un libro que constituye el trabajo filos\u00f3fico y fundamental de Rudolf Steiner.<\/p>\n<p>Con este planteamiento, Rudolf Steiner subordina la cuesti\u00f3n del libre albedr\u00edo a un problema cognitivo previo a la acci\u00f3n. El libro se estructura en dos partes: La ciencia de la libertad y La realidad de la libertad. En la primera, Steiner expone su epistemolog\u00eda y en la segunda analiza las distintas motivaciones que llevan a una acci\u00f3n, concluyendo que el hombre no es de primeras ni un ser libre ni un ser contingente, sino que est\u00e1 en todo momento en camino hacia la libertad y en la posibilidad de ella.<\/p>\n<p>Rudolf Steiner escribi\u00f3 su obra fundamental La filosof\u00eda de la libertad con la intenci\u00f3n expresa de que el lector, a trav\u00e9s de la consideraci\u00f3n atenta del texto, llegue a transformar su pensar y alcance la libertad. Se ofrece al lector la oportunidad de que, por medio de su pensamiento, pueda superar los l\u00edmites del conocimiento que Kant pregon\u00f3 y que el estamento cient\u00edfico ha aceptado.<\/p>\n<p>Pues, cuando el pensamiento no se dirige a las impresiones que llegan del mundo exterior de los sentidos, sino que se concentra exclusivamente sobre el acto de pensar, ya no tratamos con el pensamiento centrado en el recuerdo de lo sensible, sino que encontramos el pensar puro, que es un ser espiritual con vida propia.<\/p>\n<p><a href=\"https:\/\/tavapy.gov.py\/biblioteca\/wp-content\/uploads\/2023\/01\/SteinerR-La-Filosofia-de-la-Libertad.pdf\" target=\"_blank\" rel=\"attachment noopener wp-att-5785\"><img loading=\"lazy\" decoding=\"async\" class=\"size-full wp-image-5785 alignleft\" src=\"https:\/\/tavapy.gov.py\/biblioteca\/wp-content\/uploads\/2023\/01\/icono-PDF-copia-2-1.png\" alt=\"\" width=\"121\" height=\"140\" \/><\/a><\/p>\n","protected":false},"featured_media":5771,"comment_status":"open","ping_status":"closed","template":"","meta":{"spay_email":""},"product_cat":[355],"product_tag":[],"class_list":{"0":"post-5788","1":"product","2":"type-product","3":"status-publish","4":"has-post-thumbnail","6":"book_author-rudolf-steiner","7":"product_cat-filosofia-ensayo","8":"entry"},"_links":{"self":[{"href":"https:\/\/tavapy.gov.py\/biblioteca\/wp-json\/wp\/v2\/product\/5788","targetHints":{"allow":["GET"]}}],"collection":[{"href":"https:\/\/tavapy.gov.py\/biblioteca\/wp-json\/wp\/v2\/product"}],"about":[{"href":"https:\/\/tavapy.gov.py\/biblioteca\/wp-json\/wp\/v2\/types\/product"}],"replies":[{"embeddable":true,"href":"https:\/\/tavapy.gov.py\/biblioteca\/wp-json\/wp\/v2\/comments?post=5788"}],"wp:featuredmedia":[{"embeddable":true,"href":"https:\/\/tavapy.gov.py\/biblioteca\/wp-json\/wp\/v2\/media\/5771"}],"wp:attachment":[{"href":"https:\/\/tavapy.gov.py\/biblioteca\/wp-json\/wp\/v2\/media?parent=5788"}],"wp:term":[{"taxonomy":"product_cat","embeddable":true,"href":"https:\/\/tavapy.gov.py\/biblioteca\/wp-json\/wp\/v2\/product_cat?post=5788"},{"taxonomy":"product_tag","embeddable":true,"href":"https:\/\/tavapy.gov.py\/biblioteca\/wp-json\/wp\/v2\/product_tag?post=5788"}],"curies":[{"name":"wp","href":"https:\/\/api.w.org\/{rel}","templated":true}]}}