{"id":5789,"date":"2023-01-10T21:13:29","date_gmt":"2023-01-10T21:13:29","guid":{"rendered":"https:\/\/tavapy.gov.py\/biblioteca\/?post_type=product&#038;p=5789"},"modified":"2023-01-10T21:13:30","modified_gmt":"2023-01-10T21:13:30","slug":"nacidos-para-comprar","status":"publish","type":"product","link":"https:\/\/tavapy.gov.py\/biblioteca\/product\/nacidos-para-comprar\/","title":{"rendered":"NACIDOS PARA COMPRAR."},"content":{"rendered":"","protected":false},"excerpt":{"rendered":"<p>Los anuncios dirigidos a los ni\u00f1os est\u00e1n pr\u00e1cticamente en todas partes. A trav\u00e9s de nuevas t\u00e9cnicas de publicidad, en el cine y la televisi\u00f3n, los productos llegan a ni\u00f1os y j\u00f3venes en una cascada avasalladora. Schor examina a fondo en este libro publicado en el 2.006, el proceso mediante el que unas t\u00e9cnicas de marketing de gran alcance, ambici\u00f3n y eficacia causan un enorme impacto en la infancia.<\/p>\n<p>La autora analiza las implicaciones de esta estrategia. Vali\u00e9ndose de sofisticados recursos, los profesionales del marketing convencen a los ni\u00f1os de que los productos son necesarios para su supervivencia social. Los anuncios influyen no s\u00f3lo en lo que desean comprar, sino en lo que creen que son y en c\u00f3mo se sienten en relaci\u00f3n consigo mismos.<\/p>\n<p>En este libro imprescindible y revelador, la autora tambi\u00e9n propone directrices a padres y maestros. Lo que est\u00e1 en juego es el bienestar emocional y social de nuestros hijos.<\/p>\n<p><a href=\"https:\/\/tavapy.gov.py\/biblioteca\/wp-content\/uploads\/2023\/01\/SchorJ-Nacidos-para-comprar.pdf\" target=\"_blank\" rel=\"attachment noopener wp-att-5785\"><img loading=\"lazy\" decoding=\"async\" class=\"size-full wp-image-5785 alignleft\" src=\"https:\/\/tavapy.gov.py\/biblioteca\/wp-content\/uploads\/2023\/01\/icono-PDF-copia-2-1.png\" alt=\"\" width=\"121\" height=\"140\" \/><\/a><\/p>\n","protected":false},"featured_media":5769,"comment_status":"open","ping_status":"closed","template":"","meta":{"spay_email":""},"product_cat":[456],"product_tag":[],"class_list":{"0":"post-5789","1":"product","2":"type-product","3":"status-publish","4":"has-post-thumbnail","6":"book_author-juliet-schor","7":"product_cat-ciencia-politica-sociologia","8":"entry"},"_links":{"self":[{"href":"https:\/\/tavapy.gov.py\/biblioteca\/wp-json\/wp\/v2\/product\/5789","targetHints":{"allow":["GET"]}}],"collection":[{"href":"https:\/\/tavapy.gov.py\/biblioteca\/wp-json\/wp\/v2\/product"}],"about":[{"href":"https:\/\/tavapy.gov.py\/biblioteca\/wp-json\/wp\/v2\/types\/product"}],"replies":[{"embeddable":true,"href":"https:\/\/tavapy.gov.py\/biblioteca\/wp-json\/wp\/v2\/comments?post=5789"}],"wp:featuredmedia":[{"embeddable":true,"href":"https:\/\/tavapy.gov.py\/biblioteca\/wp-json\/wp\/v2\/media\/5769"}],"wp:attachment":[{"href":"https:\/\/tavapy.gov.py\/biblioteca\/wp-json\/wp\/v2\/media?parent=5789"}],"wp:term":[{"taxonomy":"product_cat","embeddable":true,"href":"https:\/\/tavapy.gov.py\/biblioteca\/wp-json\/wp\/v2\/product_cat?post=5789"},{"taxonomy":"product_tag","embeddable":true,"href":"https:\/\/tavapy.gov.py\/biblioteca\/wp-json\/wp\/v2\/product_tag?post=5789"}],"curies":[{"name":"wp","href":"https:\/\/api.w.org\/{rel}","templated":true}]}}