{"id":5790,"date":"2023-01-10T21:21:48","date_gmt":"2023-01-10T21:21:48","guid":{"rendered":"https:\/\/tavapy.gov.py\/biblioteca\/?post_type=product&#038;p=5790"},"modified":"2023-01-10T21:21:48","modified_gmt":"2023-01-10T21:21:48","slug":"la-sombra-del-viento","status":"publish","type":"product","link":"https:\/\/tavapy.gov.py\/biblioteca\/product\/la-sombra-del-viento\/","title":{"rendered":"LA SOMBRA DEL VIENTO."},"content":{"rendered":"","protected":false},"excerpt":{"rendered":"<p>La sombra del viento es una novela de Carlos Ruiz Zaf\u00f3n publicada en 2001, el primer libro de la saga del Cementerio de los libros olvidados y un superventas mundial, con m\u00e1s de quince millones de ejemplares vendidos en 36 idiomas diferentes.<\/p>\n<p>El peque\u00f1o Daniel Sempere llega a El Cementerio de los Libros Olvidados de la mano de su padre. All\u00ed escoge un libro llamado La sombra del viento, escrito por Juli\u00e1n Carax. Mientras crece e interesado en conocer m\u00e1s de este indescifrable autor, va investigando y descubre que todos sus libros han sido misteriosamente quemados por uno de los personajes del libro.<\/p>\n<p>La trama se desenvuelve en la ciudad embrujada de Barcelona donde, junto a su nuevo amigo Ferm\u00edn, intentar\u00e1 descubrir la verdad que envuelve a un enigm\u00e1tico ser que a toda costa intenta enterrar el pasado de Juli\u00e1n Carax. \u200b Una novela de suspenso que intenta mezclar lo real con la fantas\u00eda, el misterio con el amor. En el transcurso de la historia Daniel debe descubrir el misterio que rodea a Juli\u00e1n y todo lo que ello conllevar\u00e1, aunque al intentar encontrar en el pasado pistas que le digan qui\u00e9n es el misterioso escritor, pueda correr peligro su vida&#8230;<\/p>\n<p><a href=\"https:\/\/tavapy.gov.py\/biblioteca\/wp-content\/uploads\/2023\/01\/Ruiz-ZafonC-La-Sombra-del-viento.pdf\" target=\"_blank\" rel=\"attachment noopener wp-att-5785\"><img loading=\"lazy\" decoding=\"async\" class=\"size-full wp-image-5785 alignleft\" src=\"https:\/\/tavapy.gov.py\/biblioteca\/wp-content\/uploads\/2023\/01\/icono-PDF-copia-2-1.png\" alt=\"\" width=\"121\" height=\"140\" \/><\/a><\/p>\n","protected":false},"featured_media":5767,"comment_status":"open","ping_status":"closed","template":"","meta":{"spay_email":""},"product_cat":[57],"product_tag":[],"class_list":{"0":"post-5790","1":"product","2":"type-product","3":"status-publish","4":"has-post-thumbnail","6":"book_author-carlos-ruiz-zafon","7":"product_cat-novela","8":"entry"},"_links":{"self":[{"href":"https:\/\/tavapy.gov.py\/biblioteca\/wp-json\/wp\/v2\/product\/5790","targetHints":{"allow":["GET"]}}],"collection":[{"href":"https:\/\/tavapy.gov.py\/biblioteca\/wp-json\/wp\/v2\/product"}],"about":[{"href":"https:\/\/tavapy.gov.py\/biblioteca\/wp-json\/wp\/v2\/types\/product"}],"replies":[{"embeddable":true,"href":"https:\/\/tavapy.gov.py\/biblioteca\/wp-json\/wp\/v2\/comments?post=5790"}],"wp:featuredmedia":[{"embeddable":true,"href":"https:\/\/tavapy.gov.py\/biblioteca\/wp-json\/wp\/v2\/media\/5767"}],"wp:attachment":[{"href":"https:\/\/tavapy.gov.py\/biblioteca\/wp-json\/wp\/v2\/media?parent=5790"}],"wp:term":[{"taxonomy":"product_cat","embeddable":true,"href":"https:\/\/tavapy.gov.py\/biblioteca\/wp-json\/wp\/v2\/product_cat?post=5790"},{"taxonomy":"product_tag","embeddable":true,"href":"https:\/\/tavapy.gov.py\/biblioteca\/wp-json\/wp\/v2\/product_tag?post=5790"}],"curies":[{"name":"wp","href":"https:\/\/api.w.org\/{rel}","templated":true}]}}