{"id":5791,"date":"2023-01-10T21:27:58","date_gmt":"2023-01-10T21:27:58","guid":{"rendered":"https:\/\/tavapy.gov.py\/biblioteca\/?post_type=product&#038;p=5791"},"modified":"2024-01-11T18:30:57","modified_gmt":"2024-01-11T18:30:57","slug":"el-prisionero-del-cielo","status":"publish","type":"product","link":"https:\/\/tavapy.gov.py\/biblioteca\/product\/el-prisionero-del-cielo\/","title":{"rendered":"EL PRISIONERO DEL CIELO."},"content":{"rendered":"","protected":false},"excerpt":{"rendered":"<p>El prisionero del cielo es una novela de Carlos Ruiz Zaf\u00f3n publicada en 2011. Es el tercer libro de la saga del Cementerio de los libros olvidados, un ciclo de cuatro novelas interconectadas y ambientadas en la Barcelona misteriosa y g\u00f3tica que va desde la era de la revoluci\u00f3n industrial hasta los a\u00f1os posteriores a la guerra civil espa\u00f1ola.<\/p>\n<p>En El prisionero del cielo descubrimos que aquel adolescente al que conocimos en La sombra del viento ahora est\u00e1 casado con Bea y es padre de un peque\u00f1o ni\u00f1o llamado Juli\u00e1n. Daniel Sempere recibe la visita de un misterioso personaje en la librer\u00eda preguntando, nada m\u00e1s y nada menos, que por Ferm\u00edn. Asustado, este decide contarle a su amigo y jefe su historia. Una historia que empieza en el castillo de Montju\u00efc y que acaba el d\u00eda que se conocieron en la plaza Real.<\/p>\n<p>En la prisi\u00f3n en la que eran encarceladas aquellas personas pol\u00edticamente contrarias al r\u00e9gimen dictatorial de Franco, Ferm\u00edn Romero de Torres conoce a David Mart\u00edn (protagonista de El juego del \u00e1ngel), al que apodan como el prisionero del cielo. La c\u00e1rcel est\u00e1 regentada por el villano Mauricio Valls, alguien con escasa habilidad literaria que mantiene con vida a David Mart\u00edn para que este le reescriba su obra.<\/p>\n<p>Para conseguirlo, Valls amenaza con hacer da\u00f1o a su amiga Isabella Gispert, su marido y su hijo: Daniel Sempere. All\u00ed, el escritor y Ferm\u00edn entablan amistad y planean la huida de este \u00faltimo emulando a El Conde de Montecristo, con la condici\u00f3n de que Ferm\u00edn cuide siempre del peque\u00f1o Daniel. Cuando todo est\u00e1 listo, Ferm\u00edn decide robar a su compa\u00f1ero de celda, Sebasti\u00e1n Salgado, una llave que abre el tesoro que ha conseguido con los cr\u00edmenes de la guerra civil.<\/p>\n<p><a href=\"https:\/\/tavapy.gov.py\/biblioteca\/wp-content\/uploads\/2023\/01\/Ruiz-ZafonC-El-prisionero-del-cielo.pdf\" target=\"_blank\" rel=\"attachment noopener wp-att-5785\"><img loading=\"lazy\" decoding=\"async\" class=\"size-full wp-image-5785 alignleft\" src=\"https:\/\/tavapy.gov.py\/biblioteca\/wp-content\/uploads\/2023\/01\/icono-PDF-copia-2-1.png\" alt=\"\" width=\"121\" height=\"140\" \/><\/a><\/p>\n","protected":false},"featured_media":5764,"comment_status":"open","ping_status":"closed","template":"","meta":{"spay_email":""},"product_cat":[57],"product_tag":[],"class_list":{"0":"post-5791","1":"product","2":"type-product","3":"status-publish","4":"has-post-thumbnail","6":"book_author-carlos-ruiz-zafon","7":"product_cat-novela","8":"entry"},"_links":{"self":[{"href":"https:\/\/tavapy.gov.py\/biblioteca\/wp-json\/wp\/v2\/product\/5791","targetHints":{"allow":["GET"]}}],"collection":[{"href":"https:\/\/tavapy.gov.py\/biblioteca\/wp-json\/wp\/v2\/product"}],"about":[{"href":"https:\/\/tavapy.gov.py\/biblioteca\/wp-json\/wp\/v2\/types\/product"}],"replies":[{"embeddable":true,"href":"https:\/\/tavapy.gov.py\/biblioteca\/wp-json\/wp\/v2\/comments?post=5791"}],"wp:featuredmedia":[{"embeddable":true,"href":"https:\/\/tavapy.gov.py\/biblioteca\/wp-json\/wp\/v2\/media\/5764"}],"wp:attachment":[{"href":"https:\/\/tavapy.gov.py\/biblioteca\/wp-json\/wp\/v2\/media?parent=5791"}],"wp:term":[{"taxonomy":"product_cat","embeddable":true,"href":"https:\/\/tavapy.gov.py\/biblioteca\/wp-json\/wp\/v2\/product_cat?post=5791"},{"taxonomy":"product_tag","embeddable":true,"href":"https:\/\/tavapy.gov.py\/biblioteca\/wp-json\/wp\/v2\/product_tag?post=5791"}],"curies":[{"name":"wp","href":"https:\/\/api.w.org\/{rel}","templated":true}]}}