{"id":5792,"date":"2023-01-10T21:42:05","date_gmt":"2023-01-10T21:42:05","guid":{"rendered":"https:\/\/tavapy.gov.py\/biblioteca\/?post_type=product&#038;p=5792"},"modified":"2023-01-10T21:42:06","modified_gmt":"2023-01-10T21:42:06","slug":"emilio-o-la-educacion","status":"publish","type":"product","link":"https:\/\/tavapy.gov.py\/biblioteca\/product\/emilio-o-la-educacion\/","title":{"rendered":"EMILIO O LA EDUCACI\u00d3N."},"content":{"rendered":"","protected":false},"excerpt":{"rendered":"<p>Emilio, o De la educaci\u00f3n es un tratado filos\u00f3fico de 1762 sobre la naturaleza del hombre escrito por Jean-Jacques Rousseau: seg\u00fan \u00e9l mismo la \u201cmejor y m\u00e1s importante de todas sus obras\u201d.1\u200b El texto aborda temas pol\u00edticos y filos\u00f3ficos concernientes a la relaci\u00f3n del individuo con la sociedad; en particular, se\u00f1ala c\u00f3mo el individuo puede conservar su bondad natural (el autor sosten\u00eda que el hombre es bueno por naturaleza), mientras interviene en una sociedad inevitablemente corrupta.<\/p>\n<p>En la obra Rousseau propone la descripci\u00f3n de un sistema educativo que permita al \u201chombre natural\u201d convivir con esa sociedad corrupta.\u200b Acompa\u00f1a el tratado una historia novelada del joven Emilio y su tutor, ilustrando c\u00f3mo se debe educar al ciudadano ideal. Por otro lado, Emilio no es una gu\u00eda detallada, aunque s\u00ed incluye algunos consejos sobre c\u00f3mo educar a los ni\u00f1os.\u200b Hoy se le considera el primer tratado sobre filosof\u00eda de la educaci\u00f3n del mundo occidental.<\/p>\n<p><a href=\"https:\/\/tavapy.gov.py\/biblioteca\/wp-content\/uploads\/2023\/01\/RousseauJ-Emilio-o-la-educacion.pdf\" target=\"_blank\" rel=\"attachment noopener wp-att-5785\"><img loading=\"lazy\" decoding=\"async\" class=\"size-full wp-image-5785 alignleft\" src=\"https:\/\/tavapy.gov.py\/biblioteca\/wp-content\/uploads\/2023\/01\/icono-PDF-copia-2-1.png\" alt=\"\" width=\"121\" height=\"140\" \/><\/a><\/p>\n","protected":false},"featured_media":5762,"comment_status":"open","ping_status":"closed","template":"","meta":{"spay_email":""},"product_cat":[355],"product_tag":[],"class_list":{"0":"post-5792","1":"product","2":"type-product","3":"status-publish","4":"has-post-thumbnail","6":"book_author-jean-jacques-rousseau","7":"product_cat-filosofia-ensayo","8":"entry"},"_links":{"self":[{"href":"https:\/\/tavapy.gov.py\/biblioteca\/wp-json\/wp\/v2\/product\/5792","targetHints":{"allow":["GET"]}}],"collection":[{"href":"https:\/\/tavapy.gov.py\/biblioteca\/wp-json\/wp\/v2\/product"}],"about":[{"href":"https:\/\/tavapy.gov.py\/biblioteca\/wp-json\/wp\/v2\/types\/product"}],"replies":[{"embeddable":true,"href":"https:\/\/tavapy.gov.py\/biblioteca\/wp-json\/wp\/v2\/comments?post=5792"}],"wp:featuredmedia":[{"embeddable":true,"href":"https:\/\/tavapy.gov.py\/biblioteca\/wp-json\/wp\/v2\/media\/5762"}],"wp:attachment":[{"href":"https:\/\/tavapy.gov.py\/biblioteca\/wp-json\/wp\/v2\/media?parent=5792"}],"wp:term":[{"taxonomy":"product_cat","embeddable":true,"href":"https:\/\/tavapy.gov.py\/biblioteca\/wp-json\/wp\/v2\/product_cat?post=5792"},{"taxonomy":"product_tag","embeddable":true,"href":"https:\/\/tavapy.gov.py\/biblioteca\/wp-json\/wp\/v2\/product_tag?post=5792"}],"curies":[{"name":"wp","href":"https:\/\/api.w.org\/{rel}","templated":true}]}}